{"id":203,"date":"2024-11-20T11:26:29","date_gmt":"2024-11-20T11:26:29","guid":{"rendered":"https:\/\/www.templafy.com\/de\/?page_id=203"},"modified":"2025-08-11T11:47:13","modified_gmt":"2025-08-11T11:47:13","slug":"preisgestaltung","status":"publish","type":"page","link":"https:\/\/www.templafy.com\/de\/preisgestaltung\/","title":{"rendered":"Preisgestaltung"},"content":{"rendered":"<button class=\"sticky-form-button font-semibold py-5 px-9 border-gray-70 bg-blue-100-primary rounded-full flex flex-row gap-2 has-b-xs-SemiBold-font-size items-center mb-10 text-off-white-primary fixed bottom-5\n     left-1\/2 translate-x-[-50%] z-[1] xl:hidden\">\n    <a href=\"#demo-form\" >Preis anfragen<\/a>\n    <\/button>\n\n\n\n<section id=\"\" class=\"wp-block-templafy-blocks-colored-section  colored-section\" data-bg-color=\"#232323\">\n<div class=\"wp-block-columns alignfull has-gray-100-primary-background-color has-background is-layout-flex wp-container-core-columns-is-layout-9d6595d7 wp-block-columns-is-layout-flex\">\n<div class=\"wp-block-column is-layout-flow wp-block-column-is-layout-flow\">\n<div class=\"wp-block-columns alignfull text-and-form-container has-off-white-primary-color has-text-color has-link-color wp-elements-24781adc66d41f64143f032df6651104 is-layout-flex wp-container-core-columns-is-layout-9d6595d7 wp-block-columns-is-layout-flex col-span-24 col-start-1\">\n<div class=\"wp-block-column is-layout-flow wp-block-column-is-layout-flow\">\n<div class=\"wp-block-group form-header-container is-vertical is-layout-flex wp-container-core-group-is-layout-81c58e48 wp-block-group-is-layout-flex\" style=\"margin-top:var(--wp--preset--spacing--6-25)\">\n<p class=\"has-label-s-font-size\" style=\"padding-bottom:var(--wp--preset--spacing--1-8)\">Preise bei Templafy<\/p>\n\n\n\n<h1 class=\"wp-block-heading has-off-white-primary-color has-text-color has-link-color has-h-1-font-size wp-elements-3d74249ec04a1b9a7ed60c878d0be9a4\">Einfache, individuelle Preisgestaltung<\/h1>\n<\/div>\n\n\n\n<div class=\"wp-block-group form-list is-vertical is-layout-flex wp-container-core-group-is-layout-8cf370e7 wp-block-group-is-layout-flex\">\n<p class=\"has-body-m-regular-font-size\" style=\"padding-top:var(--wp--preset--spacing--1-8)\">Mit unseren ma\u00dfgeschneiderten Tarifen zahlen Sie nur f\u00fcr das, was Sie brauchen.<\/p>\n<\/div>\n\n\n\n<div class=\"wp-block-group has-global-padding is-layout-constrained wp-block-group-is-layout-constrained\" style=\"margin-top:var(--wp--preset--spacing--1-25);margin-bottom:var(--wp--preset--spacing--1-8);padding-top:var(--wp--preset--spacing--2-5);padding-bottom:var(--wp--preset--spacing--2-5)\">\n<hr class=\"wp-block-separator alignfull has-text-color has-gray-70-color has-alpha-channel-opacity has-gray-70-background-color has-background\"\/>\n<\/div>\n\n\n\n<div class=\"wp-block-group learn-about-list is-vertical is-layout-flex wp-container-core-group-is-layout-8cf370e7 wp-block-group-is-layout-flex\">\n<h2 class=\"wp-block-heading has-h-4-font-size\" style=\"padding-bottom:var(--wp--preset--spacing--1-8)\">Die ganzheitliche Enterprise-L\u00f6sung<\/h2>\n\n\n\n<ul class=\"wp-block-list\">\n<li class=\"has-b-s-regular-font-size\"><img decoding=\"async\" class=\"wp-image-44126\" style=\"width: 14px\" src=\"https:\/\/www.templafy.com\/wp-content\/uploads\/2024\/07\/\u2726.svg\" alt=\"\">Unsere Tarife sind auf deine spezifischen Anforderungen und die Anzahl der Nutzenden zugeschnitten<\/li>\n\n\n\n<li class=\"has-b-s-regular-font-size\"><img decoding=\"async\" class=\"wp-image-44126\" style=\"width: 14px\" src=\"https:\/\/www.templafy.com\/wp-content\/uploads\/2024\/07\/\u2726.svg\" alt=\"\">Wir bieten eine erstklassige Implementierung, ein hervorragendes Onboarding und un\u00fcbertroffenen Support<\/li>\n\n\n\n<li class=\"has-b-s-regular-font-size\"><img decoding=\"async\" class=\"wp-image-44126\" style=\"width: 14px\" src=\"https:\/\/www.templafy.com\/wp-content\/uploads\/2024\/07\/\u2726.svg\" alt=\"\">Sicherheit wird bei uns gro\u00dfgeschrieben. Darum vertrauen uns mehr als 800 Organisationen weltweit<\/li>\n<\/ul>\n<\/div>\n<\/div>\n\n\n\n<div class=\"wp-block-column form-container has-global-padding is-layout-constrained wp-block-column-is-layout-constrained\" style=\"padding-top:var(--wp--preset--spacing--3-75)\" id=\"demo-form\">\n<section id=\"demo-form\" class=\"wp-block-group has-gray-5-background-color has-background has-global-padding is-layout-constrained wp-block-group-is-layout-constrained\" style=\"margin-top:var(--wp--preset--spacing--3-75);background-position:50% 0;\">\n<h2 class=\"wp-block-heading has-text-align-center has-gray-100-primary-color has-text-color has-link-color has-h-4-font-size wp-elements-fe47fd4adff50ec9afd7553dc7adf118\" style=\"padding-top:var(--wp--preset--spacing--3-12);padding-right:var(--wp--preset--spacing--6-25);padding-bottom:var(--wp--preset--spacing--3-12);padding-left:var(--wp--preset--spacing--6-25)\">Preis anfragen<\/h2>\n\n\n\n<div class=\"wp-block-templafy-blocks-pardot\"><div class=\"pardot-form__inner\" style=\"width:100%;height:100%;padding-inline:2rem;padding-block:0rem;border:none;border-radius:.5rem;box-shadow:none;background-color:transparent\"><iframe src=\"https:\/\/www2.templafy.com\/l\/1064242\/2024-05-23\/2lwxlc\" width=\"100%\" type=\"text\/html\" frameborder=\"0\" allowtransparency=\"true\" style=\"border:0;max-width:500px;height:100%;min-height:250px;background-color:transparent;border-radius:.5rem;margin-top:-1.25rem;padding-inline:2rem;padding-block:0\"><\/iframe><\/div><\/div>\n\n\n\n<div class=\"wp-block-buttons is-content-justification-center is-layout-flex wp-container-core-buttons-is-layout-54d22a93 wp-block-buttons-is-layout-flex\" style=\"margin-top:var(--wp--preset--spacing--20);margin-bottom:var(--wp--preset--spacing--20)\"><\/div>\n<\/section>\n<\/div>\n<\/div>\n<\/div>\n<\/div>\n<\/section>\n\n\n\n<section id=\"track-performance\" class=\"wp-block-templafy-blocks-colored-section  colored-section\" data-bg-color=\"#232323\">\n<div class=\"wp-block-group quote-container has-global-padding is-layout-constrained wp-block-group-is-layout-constrained\" style=\"padding-top:6.5rem;padding-bottom:var(--wp--preset--spacing--1-25)\">\n<p class=\"has-q-m-font-size\" style=\"margin-bottom:var(--wp--preset--spacing--1-25)\">&#8220;Einen Bericht \u00fcber den ROI von Templafy haben wir nie angefragt&nbsp;\u2013 es ist einfach zu offensichtlich, wie wichtig diese Investition f\u00fcr unser Team war. Und ich glaube auch nicht, dass jemals jemand danach fragen wird. Templafy ist das am meisten genutzte Tool neben Microsoft Office. Alle kennen es und alle verwenden es&#8221;<\/p>\n\n\n\n<div class=\"wp-block-group quote-name has-global-padding is-layout-constrained wp-container-core-group-is-layout-45d90367 wp-block-group-is-layout-constrained\" style=\"padding-top:0;padding-right:0;padding-bottom:0;padding-left:0\">\n<figure class=\"wp-block-image alignleft size-full is-resized has-custom-border is-style-default\"><img loading=\"lazy\" decoding=\"async\" width=\"800\" height=\"800\" src=\"https:\/\/www.templafy.com\/de\/wp-content\/uploads\/sites\/2\/2024\/11\/Graeme-Bland-.jpeg\" alt=\"\" class=\"wp-image-149\" style=\"border-radius:100px;object-fit:cover;width:43px;height:43px\" srcset=\"https:\/\/www.templafy.com\/de\/wp-content\/uploads\/sites\/2\/2024\/11\/Graeme-Bland-.jpeg 800w, https:\/\/www.templafy.com\/de\/wp-content\/uploads\/sites\/2\/2024\/11\/Graeme-Bland--300x300.jpeg 300w, https:\/\/www.templafy.com\/de\/wp-content\/uploads\/sites\/2\/2024\/11\/Graeme-Bland--150x150.jpeg 150w, https:\/\/www.templafy.com\/de\/wp-content\/uploads\/sites\/2\/2024\/11\/Graeme-Bland--768x768.jpeg 768w\" sizes=\"auto, (max-width: 800px) 100vw, 800px\" \/><\/figure>\n\n\n\n<div class=\"wp-block-group has-global-padding is-layout-constrained wp-block-group-is-layout-constrained\">\n<p class=\"has-b-s-semibold-font-size\">Graeme Bland<\/p>\n\n\n\n<p class=\"has-gray-30-color has-text-color has-link-color has-b-s-medium-font-size wp-elements-0c50c5d175ad096c4c1985bf9ffacbe1\">Head of IT for Productivity &amp; Project Applications<\/p>\n<\/div>\n<\/div>\n<\/div>\n<\/section>\n\n\n\n<section id=\"\" class=\"wp-block-templafy-blocks-colored-section  colored-section\" data-bg-color=\"#232323\">\n<div class=\"wp-block-columns testimonial-headline-quote-module is-layout-flex wp-container-core-columns-is-layout-ecbb8fc5 wp-block-columns-is-layout-flex\" style=\"margin-top:0;margin-bottom:0;padding-top:var(--wp--preset--spacing--6-25);padding-bottom:70px\">\n<div class=\"wp-block-column is-layout-flow wp-block-column-is-layout-flow\">\n<div class=\"wp-block-group is-nowrap is-layout-flex wp-container-core-group-is-layout-ad2f72ca wp-block-group-is-layout-flex\">\n<div class=\"wp-block-group is-vertical is-layout-flex wp-container-core-group-is-layout-8cf370e7 wp-block-group-is-layout-flex\">\n<h2 class=\"wp-block-heading has-text-align-center has-h-2-font-size\" style=\"padding-bottom:var(--wp--preset--spacing--1-8)\">Wir sind stolz auf die Zusammenarbeit mit<\/h2>\n\n\n\n<div class=\"wp-block-buttons is-content-justification-left is-layout-flex wp-container-core-buttons-is-layout-fdcfc74e wp-block-buttons-is-layout-flex\">\n<div class=\"wp-block-button is-style-primary-cta\"><a class=\"wp-block-button__link has-b-xs-regular-font-size has-custom-font-size wp-element-button\" href=\"https:\/\/www.templafy.com\/home\/customer-cases\/\">Kundengeschichten ansehen<\/a><\/div>\n<\/div>\n<\/div>\n\n\n\n<div class=\"wp-block-group our-customers-logos-container is-vertical is-layout-flex wp-container-core-group-is-layout-8cf370e7 wp-block-group-is-layout-flex\">\n<div class=\"wp-block-columns is-layout-flex wp-container-core-columns-is-layout-9d6595d7 wp-block-columns-is-layout-flex\">\n<div class=\"wp-block-column is-layout-flow wp-block-column-is-layout-flow\">\n<figure class=\"wp-block-image size-full logo-img dark\"><img decoding=\"async\" src=\"https:\/\/www.templafy.com\/wp-content\/uploads\/2025\/06\/PwC_Logo_Black.svg\" alt=\"\" class=\"wp-image-65670\"\/><\/figure>\n<\/div>\n\n\n\n<div class=\"wp-block-column is-layout-flow wp-block-column-is-layout-flow\">\n<figure class=\"wp-block-image size-full logo-img dark\"><img decoding=\"async\" src=\"https:\/\/www.templafy.com\/wp-content\/uploads\/2024\/09\/KPMG_Logo_Black.svg\" alt=\"\" class=\"wp-image-53635\"\/><\/figure>\n<\/div>\n\n\n\n<div class=\"wp-block-column is-layout-flow wp-block-column-is-layout-flow\">\n<figure class=\"wp-block-image size-full logo-img dark\"><img decoding=\"async\" src=\"https:\/\/www.templafy.com\/wp-content\/uploads\/2024\/09\/BDO_Logo_Black.svg\" alt=\"\" class=\"wp-image-53639\"\/><\/figure>\n<\/div>\n\n\n\n<div class=\"wp-block-column is-layout-flow wp-block-column-is-layout-flow\">\n<figure class=\"wp-block-image size-full logo-img dark\"><img decoding=\"async\" src=\"https:\/\/www.templafy.com\/wp-content\/uploads\/2024\/09\/Novo-Nordisk_Logo_Black.svg\" alt=\"\" class=\"wp-image-53625\"\/><\/figure>\n<\/div>\n<\/div>\n\n\n\n<div class=\"wp-block-columns is-layout-flex wp-container-core-columns-is-layout-9d6595d7 wp-block-columns-is-layout-flex\">\n<div class=\"wp-block-column is-layout-flow wp-block-column-is-layout-flow\">\n<figure class=\"wp-block-image size-full logo-img dark\"><img decoding=\"async\" src=\"https:\/\/www.templafy.com\/wp-content\/uploads\/2024\/09\/UBS_Logo_Black.svg\" alt=\"\" class=\"wp-image-53626\"\/><\/figure>\n<\/div>\n\n\n\n<div class=\"wp-block-column is-layout-flow wp-block-column-is-layout-flow\">\n<figure class=\"wp-block-image size-full logo-img dark\"><img decoding=\"async\" src=\"https:\/\/www.templafy.com\/wp-content\/uploads\/2024\/09\/Lincoln_Logo_Black.svg\" alt=\"\" class=\"wp-image-53630\"\/><\/figure>\n<\/div>\n\n\n\n<div class=\"wp-block-column is-layout-flow wp-block-column-is-layout-flow\">\n<figure class=\"wp-block-image size-full logo-img dark\"><img decoding=\"async\" src=\"https:\/\/www.templafy.com\/wp-content\/uploads\/2024\/09\/CBRE_Logo_Black.svg\" alt=\"\" class=\"wp-image-53634\"\/><\/figure>\n<\/div>\n\n\n\n<div class=\"wp-block-column is-layout-flow wp-block-column-is-layout-flow\">\n<figure class=\"wp-block-image size-full logo-img dark\"><img decoding=\"async\" src=\"https:\/\/www.templafy.com\/wp-content\/uploads\/2024\/09\/Bain-Capital_Logo_Black.svg\" alt=\"\" class=\"wp-image-53638\"\/><\/figure>\n<\/div>\n<\/div>\n\n\n\n<div class=\"wp-block-columns is-layout-flex wp-container-core-columns-is-layout-9d6595d7 wp-block-columns-is-layout-flex\">\n<div class=\"wp-block-column is-layout-flow wp-block-column-is-layout-flow\">\n<figure class=\"wp-block-image size-full logo-img dark\"><img decoding=\"async\" src=\"https:\/\/www.templafy.com\/wp-content\/uploads\/2024\/09\/Philips_Logo_Black.svg\" alt=\"\" class=\"wp-image-53624\"\/><\/figure>\n<\/div>\n\n\n\n<div class=\"wp-block-column is-layout-flow wp-block-column-is-layout-flow\">\n<figure class=\"wp-block-image size-full logo-img dark\"><img decoding=\"async\" src=\"https:\/\/www.templafy.com\/wp-content\/uploads\/2024\/09\/Cigna_Logo_Black.svg\" alt=\"\" class=\"wp-image-53643\"\/><\/figure>\n<\/div>\n\n\n\n<div class=\"wp-block-column is-layout-flow wp-block-column-is-layout-flow\">\n<figure class=\"wp-block-image size-full logo-img dark\"><img decoding=\"async\" src=\"https:\/\/www.templafy.com\/wp-content\/uploads\/2024\/09\/Astra-Zeneca_Logo_Black.svg\" alt=\"\" class=\"wp-image-53633\"\/><\/figure>\n<\/div>\n\n\n\n<div class=\"wp-block-column is-layout-flow wp-block-column-is-layout-flow\">\n<figure class=\"wp-block-image size-full logo-img light\"><img decoding=\"async\" src=\"https:\/\/www.templafy.com\/wp-content\/uploads\/2024\/09\/Customer-Logos-11.svg\" alt=\"\" class=\"wp-image-51132\" style=\"object-fit:cover\"\/><\/figure>\n<\/div>\n<\/div>\n\n\n\n<div class=\"wp-block-columns is-layout-flex wp-container-core-columns-is-layout-9d6595d7 wp-block-columns-is-layout-flex\">\n<div class=\"wp-block-column is-layout-flow wp-block-column-is-layout-flow\">\n<figure class=\"wp-block-image size-full logo-img dark\"><img decoding=\"async\" src=\"https:\/\/www.templafy.com\/wp-content\/uploads\/2024\/09\/Humana_Logo_Black.svg\" alt=\"\" class=\"wp-image-53642\"\/><\/figure>\n<\/div>\n\n\n\n<div class=\"wp-block-column is-layout-flow wp-block-column-is-layout-flow\">\n<figure class=\"wp-block-image size-full logo-img dark\"><img decoding=\"async\" src=\"https:\/\/www.templafy.com\/wp-content\/uploads\/2024\/09\/Adobe_Logo_Black.svg\" alt=\"\" class=\"wp-image-53628\"\/><\/figure>\n<\/div>\n\n\n\n<div class=\"wp-block-column is-layout-flow wp-block-column-is-layout-flow\">\n<figure class=\"wp-block-image size-full logo-img dark\"><img decoding=\"async\" src=\"https:\/\/www.templafy.com\/wp-content\/uploads\/2024\/09\/SAP_Logo_Black.svg\" alt=\"\" class=\"wp-image-53632\"\/><\/figure>\n<\/div>\n\n\n\n<div class=\"wp-block-column is-layout-flow wp-block-column-is-layout-flow\">\n<figure class=\"wp-block-image size-full logo-img dark\"><img decoding=\"async\" src=\"https:\/\/www.templafy.com\/wp-content\/uploads\/2024\/09\/Cisco_Logo_Black.svg\" alt=\"\" class=\"wp-image-53641\"\/><\/figure>\n<\/div>\n<\/div>\n<\/div>\n<\/div>\n\n\n\n<div class=\"wp-block-cb-carousel cb-single-slide\" data-slick=\"{&quot;slidesToShow&quot;:1,&quot;slidesToScroll&quot;:1,&quot;speed&quot;:300,&quot;arrows&quot;:true,&quot;dots&quot;:true,&quot;autoplay&quot;:false,&quot;autoplaySpeed&quot;:3000,&quot;infinite&quot;:false,&quot;responsive&quot;:[{&quot;breakpoint&quot;:769,&quot;settings&quot;:{&quot;slidesToShow&quot;:1,&quot;slidesToScroll&quot;:1}}]}\">\n<div class=\"wp-block-cb-slide\">\n<div class=\"wp-block-columns is-layout-flex wp-container-core-columns-is-layout-9d6595d7 wp-block-columns-is-layout-flex\">\n<div class=\"wp-block-column is-layout-flow wp-block-column-is-layout-flow\">\n<figure class=\"wp-block-image size-full logo-img dark\"><img decoding=\"async\" src=\"https:\/\/www.templafy.com\/wp-content\/uploads\/2025\/06\/PwC_Logo_Black.svg\" alt=\"\" class=\"wp-image-65670\" style=\"object-fit:cover\"\/><\/figure>\n<\/div>\n\n\n\n<div class=\"wp-block-column is-layout-flow wp-block-column-is-layout-flow\">\n<figure class=\"wp-block-image size-full logo-img light\"><img decoding=\"async\" src=\"https:\/\/www.templafy.com\/wp-content\/uploads\/2024\/09\/Adobe_Logo_White.svg\" alt=\"\" class=\"wp-image-53310\" style=\"object-fit:cover\"\/><\/figure>\n<\/div>\n<\/div>\n\n\n\n<div class=\"wp-block-columns is-layout-flex wp-container-core-columns-is-layout-9d6595d7 wp-block-columns-is-layout-flex\">\n<div class=\"wp-block-column is-layout-flow wp-block-column-is-layout-flow\">\n<figure class=\"wp-block-image size-full logo-img light\"><img decoding=\"async\" src=\"https:\/\/www.templafy.com\/wp-content\/uploads\/2024\/09\/KPMG_Logo_White.svg\" alt=\"\" class=\"wp-image-53301\" style=\"object-fit:cover\"\/><\/figure>\n<\/div>\n\n\n\n<div class=\"wp-block-column is-layout-flow wp-block-column-is-layout-flow\">\n<figure class=\"wp-block-image size-full logo-img light\"><img decoding=\"async\" src=\"https:\/\/www.templafy.com\/wp-content\/uploads\/2024\/09\/BDO_Logo_White.svg\" alt=\"\" class=\"wp-image-53320\" style=\"object-fit:cover\"\/><\/figure>\n<\/div>\n<\/div>\n\n\n\n<div class=\"wp-block-columns is-layout-flex wp-container-core-columns-is-layout-9d6595d7 wp-block-columns-is-layout-flex\">\n<div class=\"wp-block-column is-layout-flow wp-block-column-is-layout-flow\">\n<figure class=\"wp-block-image size-full logo-img light\"><img decoding=\"async\" src=\"https:\/\/www.templafy.com\/wp-content\/uploads\/2024\/09\/UBS_Logo_White.svg\" alt=\"\" class=\"wp-image-53302\" style=\"object-fit:cover\"\/><\/figure>\n<\/div>\n\n\n\n<div class=\"wp-block-column is-layout-flow wp-block-column-is-layout-flow\">\n<figure class=\"wp-block-image size-full logo-img light\"><img decoding=\"async\" src=\"https:\/\/www.templafy.com\/wp-content\/uploads\/2024\/09\/Lincoln-Financial_Logo_White.svg\" alt=\"\" class=\"wp-image-53303\" style=\"object-fit:cover\"\/><\/figure>\n<\/div>\n<\/div>\n<\/div>\n\n\n\n<div class=\"wp-block-cb-slide\">\n<div class=\"wp-block-columns is-layout-flex wp-container-core-columns-is-layout-9d6595d7 wp-block-columns-is-layout-flex\">\n<div class=\"wp-block-column is-layout-flow wp-block-column-is-layout-flow\">\n<figure class=\"wp-block-image size-full logo-img light\"><img decoding=\"async\" src=\"https:\/\/www.templafy.com\/wp-content\/uploads\/2024\/09\/CBRE_Logo_White.svg\" alt=\"\" class=\"wp-image-53304\" style=\"object-fit:cover\"\/><\/figure>\n<\/div>\n\n\n\n<div class=\"wp-block-column is-layout-flow wp-block-column-is-layout-flow\">\n<figure class=\"wp-block-image size-full logo-img light\"><img decoding=\"async\" src=\"https:\/\/www.templafy.com\/wp-content\/uploads\/2024\/09\/Bain-Capital-logo.svg\" alt=\"\" class=\"wp-image-53321\" style=\"object-fit:cover\"\/><\/figure>\n<\/div>\n<\/div>\n\n\n\n<div class=\"wp-block-columns is-layout-flex wp-container-core-columns-is-layout-9d6595d7 wp-block-columns-is-layout-flex\">\n<div class=\"wp-block-column is-layout-flow wp-block-column-is-layout-flow\">\n<figure class=\"wp-block-image size-full logo-img light\"><img decoding=\"async\" src=\"https:\/\/www.templafy.com\/wp-content\/uploads\/2024\/09\/Novo-Nordisk_Logo_White.svg\" alt=\"\" class=\"wp-image-53305\" style=\"object-fit:cover\"\/><\/figure>\n<\/div>\n\n\n\n<div class=\"wp-block-column is-layout-flow wp-block-column-is-layout-flow\">\n<figure class=\"wp-block-image size-full logo-img light\"><img decoding=\"async\" src=\"https:\/\/www.templafy.com\/wp-content\/uploads\/2024\/09\/Cigna_Logo_White.svg\" alt=\"\" class=\"wp-image-53622\" style=\"object-fit:cover\"\/><\/figure>\n<\/div>\n<\/div>\n\n\n\n<div class=\"wp-block-columns is-layout-flex wp-container-core-columns-is-layout-9d6595d7 wp-block-columns-is-layout-flex\">\n<div class=\"wp-block-column is-layout-flow wp-block-column-is-layout-flow\">\n<figure class=\"wp-block-image size-full logo-img light\"><img decoding=\"async\" src=\"https:\/\/www.templafy.com\/wp-content\/uploads\/2024\/09\/Astra-Zeneca_Logo_White.svg\" alt=\"\" class=\"wp-image-53308\" style=\"object-fit:cover\"\/><\/figure>\n<\/div>\n\n\n\n<div class=\"wp-block-column is-layout-flow wp-block-column-is-layout-flow\">\n<figure class=\"wp-block-image size-full logo-img light\"><img decoding=\"async\" src=\"https:\/\/www.templafy.com\/wp-content\/uploads\/2024\/09\/Customer-Logos-11.svg\" alt=\"\" class=\"wp-image-51132\" style=\"object-fit:cover\"\/><\/figure>\n<\/div>\n<\/div>\n<\/div>\n<\/div>\n<\/div>\n<\/div>\n<\/section>\n\n\n\n<section id=\"\" class=\"wp-block-templafy-blocks-colored-section  colored-section is-style-ignore-change-color\" data-bg-color=\"#fafdf6\">\n<div class=\"wp-block-columns is-layout-flex wp-container-core-columns-is-layout-f7a0d08a wp-block-columns-is-layout-flex\" style=\"padding-top:var(--wp--preset--spacing--6-25);padding-bottom:var(--wp--preset--spacing--6-25)\">\n<div class=\"wp-block-column is-layout-flow wp-block-column-is-layout-flow\">\n<h4 class=\"wp-block-heading has-gray-100-primary-color has-text-color has-link-color has-ultra-xl-font-size wp-elements-8057dd7fbbb3e4a458d9fad0f666e51a\" style=\"margin-bottom:var(--wp--preset--spacing--1-25)\">FAQ<\/h4>\n<\/div>\n\n\n\n<div class=\"wp-block-column is-layout-flow wp-block-column-is-layout-flow\">\n<div class=\"wp-block-templafy-blocks-faq-accordion\">\n<div class=\"wp-block-templafy-blocks-faq-accordion-item\">\n<p class=\"has-h-7-font-size\">K\u00f6nnen die Templafy-L\u00f6sungen an unsere Anforderungen angepasst werden und wie wird der Preis berechnet?&nbsp;<\/p>\n\n\n\n<p class=\"has-body-m-regular-font-size accordion-item-content\">Ja, wir bieten L\u00f6sungspakete, zu denen Sie Add-ons hinzuf\u00fcgen k\u00f6nnen.&nbsp;Der Preis berechnet sich anhand der Anzahl der Nutzenden und der entsprechenden L\u00f6sung.<\/p>\n\n\n\n<hr class=\"wp-block-separator has-alpha-channel-opacity faq-accordion-item-separator\"\/>\n<\/div>\n\n\n\n<div class=\"wp-block-templafy-blocks-faq-accordion-item\">\n<p class=\"has-h-7-font-size\">Wie viel kostet es und wie lang ist die Vertragslaufzeit?<\/p>\n\n\n\n<p class=\"has-body-m-regular-font-size accordion-item-content\">Der Preis h\u00e4ngt von der L\u00f6sung ab, f\u00fcr die Sie sich interessieren, sowie von der Anzahl der ben\u00f6tigten Lizenzen. Wir bieten individuelle Tarife an, damit die L\u00f6sung optimal zum internen IT-Setup Ihres Unternehmens passen. Die standardm\u00e4\u00dfige Vertragslaufzeit betr\u00e4gt 3 Jahre bei einem Abrechnungszeitraum von 12 Monaten.&nbsp;&nbsp;<\/p>\n\n\n\n<hr class=\"wp-block-separator has-alpha-channel-opacity faq-accordion-item-separator\"\/>\n<\/div>\n\n\n\n<div class=\"wp-block-templafy-blocks-faq-accordion-item\">\n<p class=\"has-h-7-font-size\">Eignet sich Templafy f\u00fcr kleinere Unternehmen?<\/p>\n\n\n\n<p class=\"has-body-m-regular-font-size accordion-item-content\">Der Gro\u00dfteil unserer Kundschaft besteht aus gr\u00f6\u00dferen Unternehmen mit mehreren tausend Nutzenden, aber wir k\u00f6nnen spezielle L\u00f6sungen f\u00fcr Teams ab 5 Nutzenden zusammenstellen.&nbsp;<\/p>\n\n\n\n<hr class=\"wp-block-separator has-alpha-channel-opacity faq-accordion-item-separator\"\/>\n<\/div>\n\n\n\n<div class=\"wp-block-templafy-blocks-faq-accordion-item\">\n<p class=\"has-h-7-font-size\">Welche Art von Support ist inbegriffen?<\/p>\n\n\n\n<p class=\"has-body-m-regular-font-size accordion-item-content\">Alle Templafy-Pakete umfassen dezidierten Tech-Support.&nbsp;<\/p>\n\n\n\n<hr class=\"wp-block-separator has-alpha-channel-opacity faq-accordion-item-separator\"\/>\n<\/div>\n\n\n\n<div class=\"wp-block-templafy-blocks-faq-accordion-item\">\n<p class=\"has-h-7-font-size\">Kann ich mein L\u00f6sungspaket sp\u00e4ter \u00e4ndern?&nbsp;<\/p>\n\n\n\n<p class=\"has-body-m-regular-font-size accordion-item-content\">Ja, Ihnen wird eine Kontaktperson zugewiesen, die alle Anpassungen bez\u00fcglich Ihrer L\u00f6sung vornehmen kann.&nbsp;<\/p>\n\n\n\n<hr class=\"wp-block-separator has-alpha-channel-opacity faq-accordion-item-separator\"\/>\n<\/div>\n\n\n\n<hr class=\"wp-block-separator has-alpha-channel-opacity faq-accordion-item-separator\"\/>\n<\/div>\n<\/div>\n<\/div>\n<\/section>\n","protected":false},"excerpt":{"rendered":"","protected":false},"author":8,"featured_media":0,"parent":0,"menu_order":0,"comment_status":"closed","ping_status":"closed","template":"","meta":{"_acf_changed":false,"inline_featured_image":false,"footnotes":""},"class_list":["post-203","page","type-page","status-publish","hentry"],"acf":{"header_mode":"dark","footer_mode":"light","book_a_demo_mode":"light","exclude_from_search_results":false},"_links":{"self":[{"href":"https:\/\/www.templafy.com\/de\/wp-json\/wp\/v2\/pages\/203","targetHints":{"allow":["GET"]}}],"collection":[{"href":"https:\/\/www.templafy.com\/de\/wp-json\/wp\/v2\/pages"}],"about":[{"href":"https:\/\/www.templafy.com\/de\/wp-json\/wp\/v2\/types\/page"}],"author":[{"embeddable":true,"href":"https:\/\/www.templafy.com\/de\/wp-json\/wp\/v2\/users\/8"}],"replies":[{"embeddable":true,"href":"https:\/\/www.templafy.com\/de\/wp-json\/wp\/v2\/comments?post=203"}],"version-history":[{"count":10,"href":"https:\/\/www.templafy.com\/de\/wp-json\/wp\/v2\/pages\/203\/revisions"}],"predecessor-version":[{"id":781,"href":"https:\/\/www.templafy.com\/de\/wp-json\/wp\/v2\/pages\/203\/revisions\/781"}],"wp:attachment":[{"href":"https:\/\/www.templafy.com\/de\/wp-json\/wp\/v2\/media?parent=203"}],"curies":[{"name":"wp","href":"https:\/\/api.w.org\/{rel}","templated":true}]}}