{"id":231,"date":"2024-11-20T12:06:20","date_gmt":"2024-11-20T12:06:20","guid":{"rendered":"https:\/\/www.templafy.com\/de\/?page_id=231"},"modified":"2024-12-19T13:39:40","modified_gmt":"2024-12-19T13:39:40","slug":"lp-demo-dynamishe-vorlagen","status":"publish","type":"page","link":"https:\/\/www.templafy.com\/de\/lp-demo-dynamishe-vorlagen\/","title":{"rendered":"Dynamishe vorlagen"},"content":{"rendered":"\n<section id=\"flexible-templates\" class=\"wp-block-templafy-blocks-colored-section alignfull grid sm:grid-cols-2 md:grid-cols-24 gap-[20px] md:gap-[10px] lg:gap-[20px] xl:gap-[30px] px-5 md:px-5 xl:px-5 2xl:px-12 colored-section\" data-bg-color=\"#232323\">\n<div class=\"wp-block-columns hero-w-quote-container is-layout-flex wp-container-core-columns-is-layout-9d6595d7 wp-block-columns-is-layout-flex col-span-24 col-start-1 grid grid-cols-subgrid\">\n<div class=\"wp-block-column is-layout-flow wp-block-column-is-layout-flow col-span-11 col-start-1\">\n<figure class=\"wp-block-image size-large\"><img decoding=\"async\" src=\"https:\/\/www.templafy.com\/wp-content\/uploads\/2024\/08\/DAF_Header-Visual-988x1024.png\" alt=\"\" class=\"wp-image-48461\" style=\"aspect-ratio:1;object-fit:cover\"\/><\/figure>\n<\/div>\n\n\n\n<div class=\"wp-block-column is-vertically-aligned-center is-layout-flow wp-block-column-is-layout-flow col-span-24 col-start-14\">\n<h1 class=\"wp-block-heading has-h-1-font-size\" style=\"padding-top:var(--wp--preset--spacing--1-8);padding-bottom:var(--wp--preset--spacing--1-8)\">Intelligenter arbeiten mit&nbsp;dynamischen Vorlagen<\/h1>\n\n\n\n<p class=\"has-body-m-regular-font-size\">Warum von null anfangen? Erstelle automatisch Gesch\u00e4ftsdokumente* mit dem richtigen Content f\u00fcr jede Situation!<\/p>\n\n\n\n<p class=\"has-b-xs-regular-font-size\" style=\"padding-top:var(--wp--preset--spacing--1-25);padding-bottom:var(--wp--preset--spacing--1-25)\"><em>* Pr\u00e4sentationen, Angebote, Berichte, Vertr\u00e4ge. Im Grunde jedes Dokument.<\/em><\/p>\n\n\n\n<div class=\"wp-block-buttons is-layout-flex wp-block-buttons-is-layout-flex\">\n<div class=\"wp-block-button has-custom-width wp-block-button__width-100 has-custom-font-size is-style-primary-cta has-b-xs-regular-font-size\"><a class=\"wp-block-button__link wp-element-button\" href=\"https:\/\/www.templafy.com\/de\/demo-buchen\/\">Demo vereinbaren<\/a><\/div>\n<\/div>\n<\/div>\n<\/div>\n<\/section>\n\n\n\n<section id=\"\" class=\"wp-block-templafy-blocks-colored-section  colored-section\" data-bg-color=\"#232323\">\n<div class=\"wp-block-columns icons-in-columns-module is-layout-flex wp-container-core-columns-is-layout-9d6595d7 wp-block-columns-is-layout-flex\">\n<div class=\"wp-block-column is-layout-flow wp-block-column-is-layout-flow\">\n<h2 class=\"wp-block-heading has-h-2-font-size\">Die wichtigsten Vorteile<\/h2>\n\n\n\n<div class=\"wp-block-group is-nowrap is-layout-flex wp-container-core-group-is-layout-ad2f72ca wp-block-group-is-layout-flex\"><\/div>\n\n\n\n<div class=\"wp-block-group is-content-justification-center is-nowrap is-layout-flex wp-container-core-group-is-layout-499140ed wp-block-group-is-layout-flex\">\n<div class=\"wp-block-group icon-column-with-bg has-gray-95-background-color has-background is-vertical is-content-justification-left is-layout-flex wp-container-core-group-is-layout-c0ca7d81 wp-block-group-is-layout-flex\">\n<figure class=\"wp-block-image size-full\"><img decoding=\"async\" src=\"https:\/\/www.templafy.com\/wp-content\/uploads\/2024\/08\/Video-2.svg\" alt=\"\" class=\"wp-image-48426\"\/><\/figure>\n\n\n\n<p class=\"has-h-7-font-size\">Schnelle Erstellung komplexer Dokumente<\/p>\n\n\n\n<p class=\"has-gray-30-color has-text-color has-link-color has-b-s-regular-font-size wp-elements-9b425685ab4b2d5e49f79f8e1e09b53d\">Integriere Informationen aus User-Profilen, Firmendaten, Kundschafts\u00addatenbanken und Metadaten. Alles ist bereits f\u00fcr dich formatiert.<\/p>\n<\/div>\n\n\n\n<div class=\"wp-block-group icon-column-with-bg has-gray-95-background-color has-background is-vertical is-content-justification-left is-layout-flex wp-container-core-group-is-layout-c0ca7d81 wp-block-group-is-layout-flex\">\n<figure class=\"wp-block-image size-full\"><img decoding=\"async\" src=\"https:\/\/www.templafy.com\/wp-content\/uploads\/2024\/08\/Integration-2.svg\" alt=\"\" class=\"wp-image-48430\"\/><\/figure>\n\n\n\n<p class=\"has-h-7-font-size\">Automatisierte Compliance<\/p>\n\n\n\n<p class=\"has-gray-30-color has-text-color has-link-color has-b-s-regular-font-size wp-elements-b74e66abbcafcc151c05d5237e1f85f6\">Alle Mitarbeitenden verwenden die korrekten Logos, Haftungsausschl\u00fcsse, Metadaten und Informationen basierend auf individuellen User-Profilen.<\/p>\n<\/div>\n\n\n\n<div class=\"wp-block-group icon-column-with-bg has-gray-95-background-color has-background is-vertical is-layout-flex wp-container-core-group-is-layout-8cf370e7 wp-block-group-is-layout-flex\">\n<figure class=\"wp-block-image size-full\"><img decoding=\"async\" src=\"https:\/\/www.templafy.com\/wp-content\/uploads\/2024\/08\/Notification-2.svg\" alt=\"\" class=\"wp-image-48431\"\/><\/figure>\n\n\n\n<p class=\"has-h-7-font-size\">Reduzierung der ben\u00f6tigten Vorlagen<\/p>\n\n\n\n<p class=\"has-gray-30-color has-text-color has-link-color has-b-s-regular-font-size wp-elements-3ac9fa17d2318f7d7f9e5b0efcaa29a6\">Durch Templafy&#8217;s Vorlagen mit dynamischen Inhaltsfeldern m\u00fcssen nur noch wenige Vorlagen verwaltet werden.<\/p>\n<\/div>\n<\/div>\n<\/div>\n<\/div>\n<\/section>\n\n\n\n<section id=\"\" class=\"wp-block-templafy-blocks-colored-section alignfull grid sm:grid-cols-2 md:grid-cols-24 gap-[20px] md:gap-[10px] lg:gap-[20px] xl:gap-[30px] px-5 md:px-5 xl:px-5 2xl:px-12 colored-section\" data-bg-color=\"#fafdf6\">\n<div class=\"wp-block-columns is-layout-flex wp-container-core-columns-is-layout-1a80326f wp-block-columns-is-layout-flex col-span-24 col-start-1 grid grid-cols-subgrid\" style=\"margin-top:0;margin-bottom:0;padding-right:0;padding-left:0\">\n<div class=\"wp-block-column is-vertically-aligned-center is-layout-flow wp-block-column-is-layout-flow col-span-16 col-start-1\">\n<h3 class=\"wp-block-heading has-text-align-left has-gray-100-primary-color has-text-color has-link-color has-h-2-font-size wp-elements-5f000bb6fdff3798d1fad69c54ac4e5c\" style=\"padding-top:var(--wp--preset--spacing--3-75)\">Setze auch du auf Templafy, wie&nbsp;mehr als&nbsp;600 Unternehmen weltweit!<\/h3>\n\n\n\n<p class=\"has-body-m-regular-font-size\" style=\"padding-top:var(--wp--preset--spacing--1-8);padding-right:var(--wp--preset--spacing--6-25)\">Weltweit vertrauen \u00fcber&nbsp;2 Millionen Nutzende&nbsp;auf Templafy, um ihre Arbeit mit Dokumenten zu optimieren.<\/p>\n<\/div>\n<\/div>\n<\/section>\n\n\n\n<section id=\"\" class=\"wp-block-templafy-blocks-colored-section alignfull grid sm:grid-cols-2 md:grid-cols-24 gap-[20px] md:gap-[10px] lg:gap-[20px] xl:gap-[30px] px-5 md:px-5 xl:px-5 2xl:px-12 colored-section\" data-bg-color=\"#fafdf6\">\n<div class=\"wp-block-columns check-list-container is-layout-flex wp-container-core-columns-is-layout-9d6595d7 wp-block-columns-is-layout-flex col-span-24 col-start-1 grid grid-cols-subgrid\">\n<div class=\"wp-block-column is-vertically-aligned-center is-layout-flow wp-block-column-is-layout-flow col-span-11 col-start-1\">\n<h2 class=\"wp-block-heading has-gray-100-primary-color has-text-color has-link-color has-h-3-font-size wp-elements-b89b78fc118f4f92f4e09260ec6c54d9\">Drei Schritte voraus!<\/h2>\n\n\n\n<hr class=\"wp-block-separator has-alpha-channel-opacity\"\/>\n\n\n\n<div class=\"wp-block-group learn-about-list is-vertical is-layout-flex wp-container-core-group-is-layout-a87d4843 wp-block-group-is-layout-flex\" style=\"padding-top:var(--wp--preset--spacing--1-5);padding-bottom:var(--wp--preset--spacing--1-5)\">\n<ul class=\"wp-block-list\">\n<li class=\"has-b-s-regular-font-size\" style=\"margin-right:0;margin-left:0\"><img decoding=\"async\" class=\"wp-image-44732\" style=\"width: 20px;\" src=\"https:\/\/www.templafy.com\/wp-content\/uploads\/2024\/07\/check.svg\" alt=\"\">Das Pflegen von Vorlagen wird schnell chaotisch. Verschwende keine Zeit mehr mit dem Suchen, Ausf\u00fcllen und Formatieren grundlegender Informationen.<\/li>\n\n\n\n<li class=\"has-b-s-regular-font-size\" style=\"margin-right:0;margin-left:0\"><img decoding=\"async\" class=\"wp-image-44732\" style=\"width: 20px;\" src=\"https:\/\/www.templafy.com\/wp-content\/uploads\/2024\/07\/check.svg\" alt=\"\">Mit Templafy kannst du&nbsp;Vorlagen erstellen, die allen Mitarbeitenden die Arbeit erleichtern.&nbsp;Dynamische Personalisierungen&nbsp;stellen sicher, dass alle schneller ans Ziel gelangen.<\/li>\n\n\n\n<li class=\"has-b-s-regular-font-size\" style=\"margin-right:0;margin-left:0\"><img decoding=\"async\" class=\"wp-image-44732\" style=\"width: 20px;\" src=\"https:\/\/www.templafy.com\/wp-content\/uploads\/2024\/07\/check.svg\" alt=\"\">Und das Beste? Templafy l\u00e4sst sich&nbsp;in alle Tools&nbsp;integrieren, die dein Unternehmen bereits verwendet. Eine nahtlose Integration f\u00fchrt Workflows zusammen und schafft Ordnung.<\/li>\n<\/ul>\n<\/div>\n<\/div>\n\n\n\n<div class=\"wp-block-column is-layout-flow wp-block-column-is-layout-flow col-span-24 col-start-14\" style=\"padding-top:0;padding-right:0;padding-bottom:0;padding-left:0\">\n<figure class=\"wp-block-image size-full col-span-24 col-start-1\"><img decoding=\"async\" src=\"https:\/\/www.templafy.com\/wp-content\/uploads\/2024\/08\/Persona_Sales_5.png\" alt=\"\" class=\"wp-image-45863\" style=\"aspect-ratio:3\/4;object-fit:contain\"\/><\/figure>\n<\/div>\n<\/div>\n<\/section>\n\n\n\n<section id=\"automated-proposal-creation\" class=\"wp-block-templafy-blocks-colored-section alignfull grid sm:grid-cols-2 md:grid-cols-24 gap-[20px] md:gap-[10px] lg:gap-[20px] xl:gap-[30px] px-5 md:px-5 xl:px-5 2xl:px-12 colored-section\" data-bg-color=\"#fafdf6\">\n<div class=\"wp-block-columns simple-btn-quote-container is-layout-flex wp-container-core-columns-is-layout-9d6595d7 wp-block-columns-is-layout-flex col-span-24 col-start-1 grid grid-cols-subgrid\">\n<div class=\"wp-block-column is-layout-flow wp-block-column-is-layout-flow col-span-11 col-start-1\" style=\"padding-top:0;padding-right:0;padding-bottom:0;padding-left:0\">\n<figure class=\"wp-block-image size-full col-span-24 col-start-1\"><img decoding=\"async\" src=\"https:\/\/www.templafy.com\/wp-content\/uploads\/2024\/08\/Persona_Sales_4.png\" alt=\"\" class=\"wp-image-45862\" style=\"aspect-ratio:3\/4;object-fit:contain\"\/><\/figure>\n<\/div>\n\n\n\n<div class=\"wp-block-column is-vertically-aligned-center is-layout-flow wp-block-column-is-layout-flow col-span-24 col-start-13\">\n<p class=\"has-gray-100-primary-color has-text-color has-link-color has-h-3-font-size wp-elements-17420df1737d111243133a90dacc8863\">Erlebe unsere dynamische Vorlagenfunktion in Aktion. <\/p>\n\n\n\n<p class=\"has-gray-100-primary-color has-text-color has-link-color has-b-s-regular-font-size wp-elements-7975c4ebec8a6fdee8315e7321153708\" style=\"padding-top:var(--wp--preset--spacing--1-8)\">Buche eine kostenlose Demo und erhalte eine vollst\u00e4ndige Einf\u00fchrung in das leistungsst\u00e4rkste Tool zur Verwaltung dynamischer Vorlagen auf dem Markt.<\/p>\n\n\n\n<hr class=\"wp-block-separator has-alpha-channel-opacity\"\/>\n\n\n\n<div class=\"wp-block-group learn-about-list is-vertical is-layout-flex wp-container-core-group-is-layout-a87d4843 wp-block-group-is-layout-flex\" style=\"padding-top:var(--wp--preset--spacing--1-5);padding-bottom:var(--wp--preset--spacing--1-5)\">\n<ul class=\"wp-block-list has-b-s-regular-font-size\">\n<li class=\"has-b-s-regular-font-size\" style=\"margin-right:0;margin-left:0\"><img decoding=\"async\" class=\"wp-image-44732\" style=\"width: 20px;\" src=\"https:\/\/www.templafy.com\/wp-content\/uploads\/2024\/07\/check.svg\" alt=\"\">Einfache Integration:&nbsp;Nutze weiterhin deine vertrauten Tools, ohne st\u00e4ndig zwischen verschiedenen Anwendungen zu wechseln.<\/li>\n\n\n\n<li class=\"has-b-s-regular-font-size\" style=\"margin-right:0;margin-left:0\"><img decoding=\"async\" class=\"wp-image-44732\" style=\"width: 20px;\" src=\"https:\/\/www.templafy.com\/wp-content\/uploads\/2024\/07\/check.svg\" alt=\"\">H\u00f6chste Sicherheit: Dank dem Hosting in Microsoft Azure bieten wir die h\u00f6chsten Standards in puncto Vertraulichkeit, Integrit\u00e4t und Verf\u00fcgbarkeit.<\/li>\n\n\n\n<li class=\"has-b-s-regular-font-size\" style=\"margin-right:0;margin-left:0\"><img decoding=\"async\" class=\"wp-image-44732\" style=\"width: 20px;\" src=\"https:\/\/www.templafy.com\/wp-content\/uploads\/2024\/07\/check.svg\" alt=\"\">IT-freie Technologie:&nbsp;Sobald die Einrichtung abgeschlossen ist, k\u00f6nnen alle Aktualisierungen von den Content-Verantwortlichen ohne Hilfe der IT verwaltet werden.<\/li>\n<\/ul>\n<\/div>\n<\/div>\n<\/div>\n<\/section>\n","protected":false},"excerpt":{"rendered":"","protected":false},"author":8,"featured_media":0,"parent":0,"menu_order":0,"comment_status":"closed","ping_status":"closed","template":"","meta":{"_acf_changed":false,"inline_featured_image":false,"footnotes":""},"class_list":["post-231","page","type-page","status-publish","hentry"],"acf":{"header_mode":"dark","footer_mode":"light","book_a_demo_mode":"light","exclude_from_search_results":false},"_links":{"self":[{"href":"https:\/\/www.templafy.com\/de\/wp-json\/wp\/v2\/pages\/231","targetHints":{"allow":["GET"]}}],"collection":[{"href":"https:\/\/www.templafy.com\/de\/wp-json\/wp\/v2\/pages"}],"about":[{"href":"https:\/\/www.templafy.com\/de\/wp-json\/wp\/v2\/types\/page"}],"author":[{"embeddable":true,"href":"https:\/\/www.templafy.com\/de\/wp-json\/wp\/v2\/users\/8"}],"replies":[{"embeddable":true,"href":"https:\/\/www.templafy.com\/de\/wp-json\/wp\/v2\/comments?post=231"}],"version-history":[{"count":24,"href":"https:\/\/www.templafy.com\/de\/wp-json\/wp\/v2\/pages\/231\/revisions"}],"predecessor-version":[{"id":703,"href":"https:\/\/www.templafy.com\/de\/wp-json\/wp\/v2\/pages\/231\/revisions\/703"}],"wp:attachment":[{"href":"https:\/\/www.templafy.com\/de\/wp-json\/wp\/v2\/media?parent=231"}],"curies":[{"name":"wp","href":"https:\/\/api.w.org\/{rel}","templated":true}]}}