{"id":261,"date":"2024-11-20T12:28:04","date_gmt":"2024-11-20T12:28:04","guid":{"rendered":"https:\/\/www.templafy.com\/de\/?page_id=261"},"modified":"2025-08-11T11:54:07","modified_gmt":"2025-08-11T11:54:07","slug":"ai-brand-und-reputation","status":"publish","type":"page","link":"https:\/\/www.templafy.com\/de\/ai-brand-und-reputation\/","title":{"rendered":"AI Brand und Reputation"},"content":{"rendered":"\n<section id=\"flexible-templates\" class=\"wp-block-templafy-blocks-colored-section alignfull grid sm:grid-cols-2 md:grid-cols-24 gap-[20px] md:gap-[10px] lg:gap-[20px] xl:gap-[30px] px-5 md:px-5 xl:px-5 2xl:px-12 colored-section\" data-bg-color=\"#fafdf6\">\n<div class=\"wp-block-columns hero-w-quote-container is-layout-flex wp-container-core-columns-is-layout-9d6595d7 wp-block-columns-is-layout-flex col-span-24 col-start-1 grid grid-cols-subgrid\">\n<div class=\"wp-block-column is-vertically-aligned-center is-layout-flow wp-block-column-is-layout-flow col-span-11 col-start-1\" style=\"padding-top:var(--wp--preset--spacing--6-25)\">\n<h1 class=\"wp-block-heading has-gray-100-primary-color has-text-color has-link-color has-h-1-font-size wp-elements-05f2f86a7e703bcd3cf3a70ce53ea8fe\">Von der Marke abzuweichen ist ein Risiko, das Sie sich nicht leisten k\u00f6nnen<\/h1>\n\n\n\n<p class=\"has-body-m-regular-font-size\">Stellen Sie sicher, dass jedes Dokument Ihre Markenrichtlinien erf\u00fcllt, mit Templafy&#8217;s AI-Assistenten und der Dokumentengenerierungsplattform.<\/p>\n\n\n\n<div class=\"wp-block-buttons is-layout-flex wp-block-buttons-is-layout-flex\">\n<div class=\"wp-block-button is-style-primary-cta\"><a class=\"wp-block-button__link has-b-xs-regular-font-size has-custom-font-size wp-element-button\" href=\"https:\/\/www.templafy.com\/home\/book-a-demo\/\">Demo buchen<\/a><\/div>\n<\/div>\n<\/div>\n\n\n\n<div class=\"wp-block-column is-layout-flow wp-block-column-is-layout-flow col-span-24 col-start-14\" style=\"padding-top:var(--wp--preset--spacing--6-25)\">\n<figure class=\"wp-block-image size-large\"><img decoding=\"async\" src=\"https:\/\/www.templafy.com\/wp-content\/uploads\/2024\/08\/Persona_Brand_4-953x1024.png\" alt=\"\" class=\"wp-image-45872\" style=\"aspect-ratio:1;object-fit:cover\"\/><\/figure>\n<\/div>\n<\/div>\n<\/section>\n\n\n\n<section id=\"\" class=\"wp-block-templafy-blocks-colored-section alignfull grid sm:grid-cols-2 md:grid-cols-24 gap-[20px] md:gap-[10px] lg:gap-[20px] xl:gap-[30px] px-5 md:px-5 xl:px-5 2xl:px-12 colored-section\" data-bg-color=\"#e8ebe1\">\n<h2 class=\"wp-block-heading has-text-align-center stacking-cards-mobile-header has-h-3-font-size\">Control the document chaos \u2028with automation<\/h2>\n\n\n\n<div class=\"wp-block-columns is-layout-flex wp-container-core-columns-is-layout-9d6595d7 wp-block-columns-is-layout-flex col-span-24 col-start-1 grid grid-cols-subgrid\">\n<div class=\"wp-block-column is-layout-flow wp-block-column-is-layout-flow col-span-21 col-start-3\">\n<h3 class=\"wp-block-heading has-text-align-center mb-5 sticky-cards-header has-h-3-font-size\">Sch\u00fctzen Sie Ihren Markenruf<\/h3>\n\n\n\n<div style=\"padding-top:0;padding-bottom:0\" class=\"wp-block-templafy-blocks-cards-stacker\">\n<div class=\"wp-block-templafy-blocks-cards-stacker-item stacking-card bg-white border  rounded-xl mb-5\">\n<div class=\"wp-block-columns simple-btn-quote-container is-layout-flex wp-container-core-columns-is-layout-9d6595d7 wp-block-columns-is-layout-flex col-span-24 col-start-1 grid grid-cols-subgrid\">\n<div class=\"wp-block-column is-vertically-aligned-center is-layout-flow wp-block-column-is-layout-flow\">\n<p class=\"has-h-7-font-size\">Heute<\/p>\n\n\n\n<p class=\"has-b-s-regular-font-size\">Die Produktivit\u00e4t leidet, wenn sich das Marketing auf Markenkonformit\u00e4t statt auf die Bereitstellung von Inhalten konzentrieren muss.<\/p>\n\n\n\n<hr class=\"wp-block-separator has-text-color has-gray-80-color has-alpha-channel-opacity has-gray-80-background-color has-background is-style-default\"\/>\n\n\n\n<p class=\"has-h-7-font-size\">Mit Templafy<\/p>\n\n\n\n<p class=\"has-b-s-regular-font-size\">Alle Abteilungen haben einen einfachen Weg zu markenkonformen Dokumenten und AI-generierten Inhalten.<\/p>\n<\/div>\n\n\n\n<div class=\"wp-block-column is-layout-flow wp-block-column-is-layout-flow\">\n<figure class=\"wp-block-image size-large\"><img decoding=\"async\" src=\"https:\/\/www.templafy.com\/wp-content\/uploads\/2024\/07\/Platform-page_GenAI-879x1024.png\" alt=\"\" class=\"wp-image-45108\"\/><\/figure>\n<\/div>\n<\/div>\n<\/div>\n\n\n\n<div class=\"wp-block-templafy-blocks-cards-stacker-item stacking-card bg-white border  rounded-xl mb-5\">\n<div class=\"wp-block-columns simple-btn-quote-container is-layout-flex wp-container-core-columns-is-layout-9d6595d7 wp-block-columns-is-layout-flex col-span-24 col-start-1 grid grid-cols-subgrid\">\n<div class=\"wp-block-column is-vertically-aligned-center is-layout-flow wp-block-column-is-layout-flow\">\n<p class=\"has-h-7-font-size\">Heute<\/p>\n\n\n\n<p class=\"has-b-s-regular-font-size\">Sie k\u00f6nnen die Qualit\u00e4t, Genauigkeit und den Tonfall von AI-generiertem Text nicht \u00fcberpr\u00fcfen.<\/p>\n\n\n\n<hr class=\"wp-block-separator has-text-color has-gray-80-color has-alpha-channel-opacity has-gray-80-background-color has-background is-style-default\"\/>\n\n\n\n<p class=\"has-h-7-font-size\">Mit Templafy<\/p>\n\n\n\n<p class=\"has-b-s-regular-font-size\">Verbinden Sie Ihre eigenen AI-Modelle, legen Sie Ihren Tonfall fest und beeinflussen Sie die verf\u00fcgbaren Prompts.<\/p>\n<\/div>\n\n\n\n<div class=\"wp-block-column is-layout-flow wp-block-column-is-layout-flow\">\n<figure class=\"wp-block-image size-large\"><img decoding=\"async\" src=\"https:\/\/www.templafy.com\/wp-content\/uploads\/2024\/08\/Persona_IT_4-953x1024.png\" alt=\"\" class=\"wp-image-46219\"\/><\/figure>\n<\/div>\n<\/div>\n<\/div>\n\n\n\n<div class=\"wp-block-templafy-blocks-cards-stacker-item stacking-card bg-white border  rounded-xl mb-5\">\n<div class=\"wp-block-columns simple-btn-quote-container is-layout-flex wp-container-core-columns-is-layout-9d6595d7 wp-block-columns-is-layout-flex col-span-24 col-start-1 grid grid-cols-subgrid\">\n<div class=\"wp-block-column is-vertically-aligned-center is-layout-flow wp-block-column-is-layout-flow\">\n<p class=\"has-h-7-font-size\">Heute<\/p>\n\n\n\n<p class=\"has-b-s-regular-font-size\">Die Skalierung von AI im gesamten Unternehmen ist teuer und erfordert das richtige Know-how.<\/p>\n\n\n\n<hr class=\"wp-block-separator has-text-color has-gray-80-color has-alpha-channel-opacity has-gray-80-background-color has-background is-style-default\"\/>\n\n\n\n<p class=\"has-h-7-font-size\">Mit Templafy<\/p>\n\n\n\n<p class=\"has-b-s-regular-font-size\">Einfacher Zugriff, wann immer er ben\u00f6tigt wird, direkt in t\u00e4glichen Anwendungen wie der Microsoft 365-Suite.<\/p>\n<\/div>\n\n\n\n<div class=\"wp-block-column is-layout-flow wp-block-column-is-layout-flow\">\n<figure class=\"wp-block-image size-large\"><img decoding=\"async\" src=\"https:\/\/www.templafy.com\/wp-content\/uploads\/2024\/08\/Persona_Sales_5-879x1024.png\" alt=\"\" class=\"wp-image-45863\"\/><\/figure>\n<\/div>\n<\/div>\n<\/div>\n<div class=\"number-container\"><\/div><\/div>\n<\/div>\n<\/div>\n<\/section>\n\n\n\n<section id=\"\" class=\"wp-block-templafy-blocks-colored-section alignfull grid sm:grid-cols-2 md:grid-cols-24 gap-[20px] md:gap-[10px] lg:gap-[20px] xl:gap-[30px] px-5 md:px-5 xl:px-5 2xl:px-12 colored-section\" data-bg-color=\"#e8ebe1\">\n<div class=\"wp-block-columns content-list-quote-container is-layout-flex wp-container-core-columns-is-layout-9d6595d7 wp-block-columns-is-layout-flex col-span-24 col-start-1 grid grid-cols-subgrid\">\n<div class=\"wp-block-column is-vertically-aligned-center is-layout-flow wp-block-column-is-layout-flow col-span-11 col-start-1\">\n<h2 class=\"wp-block-heading has-gray-100-primary-color has-text-color has-link-color has-h-2-font-size wp-elements-bec45ca2ae222c7bfa9cf815a4600f89\">AI, der Sie vertrauen k\u00f6nnen<\/h2>\n\n\n\n<p class=\"has-h-6-font-size\">Eine einheitliche Stimme schaffen<\/p>\n\n\n\n<p class=\"has-b-s-regular-font-size\">Verwenden Sie AI-basierte Dokumentengenerierung und -bearbeitung f\u00fcr besser klingende Inhalte, die auf den Tonfall Ihrer Firma abgestimmt sind.<\/p>\n\n\n\n<p class=\"has-h-6-font-size\">Erstellen Sie eigenen Prompts<\/p>\n\n\n\n<p class=\"has-b-s-regular-font-size\">Erstellen und verbreiten Sie benutzerdefinierte Prompt-Bibliotheken, die auf Ihre Marke und Unternehmensziele ausgerichtet sind.<\/p>\n\n\n\n<p class=\"has-h-6-font-size\" style=\"margin-top:var(--wp--preset--spacing--2-5)\">Individuelle AI-Dokumentenintegration<\/p>\n\n\n\n<p class=\"has-b-s-regular-font-size\">Verbinden Sie Ihre bevorzugten AI- und RAG-Modelle mit Templafy, um eine nahtlose Verbindung zu bestehenden Workflows zu schaffen.<\/p>\n<\/div>\n\n\n\n<div class=\"wp-block-column is-layout-flow wp-block-column-is-layout-flow col-span-24 col-start-13\" style=\"padding-top:0;padding-right:0;padding-bottom:0;padding-left:0\">\n<figure class=\"wp-block-image size-full col-span-24 col-start-1\"><img decoding=\"async\" src=\"https:\/\/www.templafy.com\/wp-content\/uploads\/2024\/08\/Industry_ProServ_4.png\" alt=\"\" class=\"wp-image-46307\" style=\"aspect-ratio:3\/4;object-fit:cover\"\/><\/figure>\n<\/div>\n<\/div>\n<\/section>\n\n\n\n<section id=\"\" class=\"wp-block-templafy-blocks-colored-section alignfull grid sm:grid-cols-2 md:grid-cols-24 gap-[20px] md:gap-[10px] lg:gap-[20px] xl:gap-[30px] px-5 md:px-5 xl:px-5 2xl:px-12 colored-section\" data-bg-color=\"#e8ebe1\">\n<div class=\"wp-block-columns content-list-quote-container is-layout-flex wp-container-core-columns-is-layout-9d6595d7 wp-block-columns-is-layout-flex col-span-24 col-start-1 grid grid-cols-subgrid\">\n<div class=\"wp-block-column is-layout-flow wp-block-column-is-layout-flow col-span-12 col-start-1\" style=\"padding-top:0;padding-right:0;padding-bottom:0;padding-left:0\">\n<figure class=\"wp-block-image size-full col-span-24 col-start-1\"><img decoding=\"async\" src=\"https:\/\/www.templafy.com\/wp-content\/uploads\/2024\/08\/Industry_ProServ_3.png\" alt=\"\" class=\"wp-image-46308\" style=\"aspect-ratio:3\/4;object-fit:cover\"\/><\/figure>\n<\/div>\n\n\n\n<div class=\"wp-block-column is-vertically-aligned-center is-layout-flow wp-block-column-is-layout-flow col-span-24 col-start-14\">\n<h2 class=\"wp-block-heading has-gray-100-primary-color has-text-color has-link-color has-h-2-font-size wp-elements-f70c2ce33096f3c3d3dfa5df921f281a\">Optimiert f\u00fcr Produktivit\u00e4t &amp; Sicherheit<\/h2>\n\n\n\n<p class=\"has-h-6-font-size\">Funktioniert, wo Sie arbeiten<\/p>\n\n\n\n<p class=\"has-b-s-regular-font-size\">Automatisieren Sie die Erstellung Ihrer markenkonformen Dokumente und perfektionieren Sie sie mit GenAI \u2013 in einem nahtlosen Workflow.<\/p>\n\n\n\n<p class=\"has-h-6-font-size\">Schnelle und genaue Dokumentenautomatisierung<\/p>\n\n\n\n<p class=\"has-b-s-regular-font-size\">Die Geschwindigkeit und Genauigkeit der regelbasierten Automatisierung, kombiniert mit der Sicherheit von verwaltetem GenAI-Inhalt.<\/p>\n\n\n\n<p class=\"has-h-6-font-size\" style=\"margin-top:var(--wp--preset--spacing--2-5)\">Sicher und vertraulich<\/p>\n\n\n\n<p class=\"has-b-s-regular-font-size\" style=\"margin-bottom:var(--wp--preset--spacing--1-8)\">Dokumenten-AI-Eingaben und -Ausgaben bleiben privat und nutzen die Vorteile von AI, ohne sensible Informationen zu gef\u00e4hrden.<\/p>\n\n\n\n<div class=\"wp-block-buttons is-layout-flex wp-block-buttons-is-layout-flex\">\n<div class=\"wp-block-button is-style-templafy-cta is-style-primary-cta\"><a class=\"wp-block-button__link has-b-xs-regular-font-size has-custom-font-size wp-element-button\" href=\"https:\/\/www.templafy.com\/home\/book-a-demo\/\">Loslegen<\/a><\/div>\n<\/div>\n<\/div>\n<\/div>\n<\/section>\n\n\n\n<section id=\"\" class=\"wp-block-templafy-blocks-colored-section  colored-section\" data-bg-color=\"#fafdf6\">\n<div class=\"wp-block-group quote-container has-global-padding is-layout-constrained wp-container-core-group-is-layout-75d69492 wp-block-group-is-layout-constrained\" style=\"min-height:0px;padding-top:var(--wp--preset--spacing--1-5);padding-right:var(--wp--preset--spacing--1-5);padding-bottom:var(--wp--preset--spacing--1-5);padding-left:var(--wp--preset--spacing--1-5)\">\n<p class=\"has-q-l-font-size\" style=\"margin-bottom:var(--wp--preset--spacing--1-25)\">&#8220;Ohne Templafy h\u00e4tten wir keine M\u00f6glichkeit, alle 8.000 Mitarbeiter dazu zu bringen, unsere neuen Vorlagen zu \u00fcbernehmen und unser neues Markenauftreten unseren Kunden zu pr\u00e4sentieren.&#8221;<\/p>\n\n\n\n<div class=\"wp-block-group quote-name has-global-padding is-layout-constrained wp-container-core-group-is-layout-45d90367 wp-block-group-is-layout-constrained\" style=\"padding-top:0;padding-right:0;padding-bottom:0;padding-left:0\">\n<figure class=\"wp-block-image alignleft size-full is-resized is-style-default\"><img decoding=\"async\" src=\"https:\/\/www.templafy.com\/wp-content\/uploads\/2024\/07\/sarah_middelton.png\" alt=\"\" class=\"wp-image-44595\" style=\"aspect-ratio:1;object-fit:cover;width:43px\"\/><\/figure>\n\n\n\n<div class=\"wp-block-group has-global-padding is-layout-constrained wp-block-group-is-layout-constrained\">\n<p class=\"has-b-s-semibold-font-size\">&lt;Sarah Middleton<\/p>\n\n\n\n<p class=\"has-custom-gray-70-color has-text-color has-link-color has-b-s-medium-font-size wp-elements-4a9ecd7c8f893a87dc87eb67a26567b1\">&lt;Marketing Director &#8211; Brand Integration, ERM<\/p>\n<\/div>\n<\/div>\n\n\n\n<div class=\"wp-block-buttons is-layout-flex wp-block-buttons-is-layout-flex\" style=\"margin-top:2rem\">\n<div class=\"wp-block-button is-style-outline is-style-outline--1\"><a class=\"wp-block-button__link wp-element-button\" href=\"https:\/\/www.templafy.com\/case\/erm\/\" style=\"border-radius:100px;padding-top:0.88rem;padding-right:var(--wp--preset--spacing--1-25);padding-bottom:0.88rem;padding-left:var(--wp--preset--spacing--1-25)\">Lesen Sie die ganze Geschichte<\/a><\/div>\n<\/div>\n<\/div>\n<\/section>\n\n\n\n<section id=\"\" class=\"wp-block-templafy-blocks-colored-section alignfull grid sm:grid-cols-2 md:grid-cols-24 gap-[20px] md:gap-[10px] lg:gap-[20px] xl:gap-[30px] px-5 md:px-5 xl:px-5 2xl:px-12 colored-section\" data-bg-color=\"#fafdf6\">\n<div class=\"wp-block-columns simple-btn-quote-container is-layout-flex wp-container-core-columns-is-layout-9d6595d7 wp-block-columns-is-layout-flex col-span-24 col-start-1 grid grid-cols-subgrid\">\n<div class=\"wp-block-column is-layout-flow wp-block-column-is-layout-flow col-span-9 col-start-3\" style=\"padding-top:0;padding-right:0;padding-bottom:0;padding-left:0\">\n<figure class=\"wp-block-image size-large col-span-24 col-start-1\"><img decoding=\"async\" src=\"https:\/\/www.templafy.com\/wp-content\/uploads\/2024\/08\/Co-pilot-2-1-2-1200x670-1-1024x572.png\" alt=\"\" class=\"wp-image-47904\" style=\"aspect-ratio:16\/9;object-fit:contain\"\/><\/figure>\n<\/div>\n\n\n\n<div class=\"wp-block-column is-layout-flow wp-block-column-is-layout-flow col-span-10 col-start-13\">\n<h2 class=\"wp-block-heading has-h-4-font-size\" style=\"padding-top:var(--wp--preset--spacing--2-5)\">Arbeiten Sie intelligenter mit Templafy&#8217;s Copilot f\u00fcr Office 365-Integration<\/h2>\n\n\n\n<p class=\"has-b-s-regular-font-size\" style=\"margin-top:var(--wp--preset--spacing--1-25);margin-bottom:var(--wp--preset--spacing--1-25)\">Erstellen Sie markengerechte und konforme Dokumente in Rekordzeit &#8211; ohne Ihre bevorzugten Anwendungen zu verlassen.<\/p>\n\n\n\n<div class=\"wp-block-buttons is-layout-flex wp-block-buttons-is-layout-flex\">\n<div class=\"wp-block-button is-style-templafy-cta is-style-outline-cta-black\"><a class=\"wp-block-button__link has-b-xs-regular-font-size has-custom-font-size wp-element-button\" href=\"https:\/\/www.templafy.com\/?integration=copilot-for-office-365-teams\">Sehen Sie unsere Copilot-Integration<\/a><\/div>\n<\/div>\n<\/div>\n<\/div>\n<\/section>\n\n\n\n<section id=\"\" class=\"wp-block-templafy-blocks-colored-section  colored-section\" data-bg-color=\"#fafdf6\">\n<div class=\"wp-block-columns two-x-promo-ctas-container is-layout-flex wp-container-core-columns-is-layout-9d6595d7 wp-block-columns-is-layout-flex\">\n<div class=\"wp-block-column two-x-promo-cta-container is-layout-flow wp-block-column-is-layout-flow\">\n<div class=\"wp-block-group has-global-padding is-layout-constrained wp-block-group-is-layout-constrained has-background\" style=\"border-radius:20px;background-image:url(&apos;https:\/\/www.templafy.com\/wp-content\/uploads\/2024\/08\/White-background-image.png&apos;);background-size:cover;\">\n<h2 class=\"wp-block-heading has-text-align-center has-gray-100-primary-color has-text-color has-link-color has-h-4-font-size wp-elements-0f6171865e8703e66016f7f1ba3be5aa\">AI-Assistent im Fokus<\/h2>\n\n\n\n<p class=\"has-text-align-center has-gray-100-primary-color has-text-color has-link-color wp-elements-28eaec0b813623f3dbc4ee34197acd80\">Werfen Sie einen Blick hinter die Kulissen und entdecken Sie die Vorteile im Detail<\/p>\n\n\n\n<div class=\"wp-block-buttons is-content-justification-center is-layout-flex wp-container-core-buttons-is-layout-54d22a93 wp-block-buttons-is-layout-flex\" style=\"margin-top:var(--wp--preset--spacing--20);margin-bottom:var(--wp--preset--spacing--20)\">\n<div class=\"wp-block-button is-style-outline-cta-black\"><a class=\"wp-block-button__link has-custom-off-white-primary-color has-custom-blue-100-primary-background-color has-text-color has-background has-link-color has-b-xs-regular-font-size has-custom-font-size wp-element-button\" href=\"https:\/\/www.templafy.com\/introducing-templafys-ai-assistant\/\" style=\"border-radius:100px;padding-top:0.88rem;padding-right:var(--wp--preset--spacing--1-25);padding-bottom:0.88rem;padding-left:var(--wp--preset--spacing--1-25)\">Blog lesen<\/a><\/div>\n<\/div>\n<\/div>\n<\/div>\n\n\n\n<div class=\"wp-block-column two-x-promo-cta-container is-layout-flow wp-block-column-is-layout-flow\">\n<div class=\"wp-block-group has-global-padding is-layout-constrained wp-block-group-is-layout-constrained has-background\" style=\"border-radius:20px;background-image:url(&apos;https:\/\/www.templafy.com\/wp-content\/uploads\/2024\/08\/Black-background-image.png&apos;);background-size:cover;\">\n<h2 class=\"wp-block-heading has-text-align-center has-off-white-primary-color has-text-color has-link-color has-h-4-font-size wp-elements-2f34dcd42a4120879050b5234619ee86\">Demo buchen<\/h2>\n\n\n\n<p class=\"has-text-align-center has-off-white-primary-color has-text-color has-link-color wp-elements-240bc6877aaf6fde60231c637c547ce9\">Holen Sie sich einen personalisierten \u00dcberblick \u00fcber Templafy, zugeschnitten auf Ihre spezifischen Bed\u00fcrfnisse<\/p>\n\n\n\n<div class=\"wp-block-buttons is-content-justification-center is-layout-flex wp-container-core-buttons-is-layout-54d22a93 wp-block-buttons-is-layout-flex\" style=\"margin-top:var(--wp--preset--spacing--20);margin-bottom:var(--wp--preset--spacing--20)\">\n<div class=\"wp-block-button is-style-outline-cta-white\"><a class=\"wp-block-button__link has-custom-off-white-primary-color has-custom-blue-100-primary-background-color has-text-color has-background has-link-color has-b-xs-regular-font-size has-custom-font-size wp-element-button\" href=\"https:\/\/www.templafy.com\/de\/demo-buchen\/\" style=\"border-radius:100px;padding-top:0.88rem;padding-right:var(--wp--preset--spacing--1-25);padding-bottom:0.88rem;padding-left:var(--wp--preset--spacing--1-25)\">Loslegen<\/a><\/div>\n<\/div>\n<\/div>\n<\/div>\n<\/div>\n<\/section>\n","protected":false},"excerpt":{"rendered":"","protected":false},"author":8,"featured_media":0,"parent":0,"menu_order":0,"comment_status":"closed","ping_status":"closed","template":"","meta":{"_acf_changed":false,"inline_featured_image":false,"footnotes":""},"class_list":["post-261","page","type-page","status-publish","hentry"],"acf":{"header_mode":"light","footer_mode":"dark","book_a_demo_mode":"dark","exclude_from_search_results":false},"_links":{"self":[{"href":"https:\/\/www.templafy.com\/de\/wp-json\/wp\/v2\/pages\/261","targetHints":{"allow":["GET"]}}],"collection":[{"href":"https:\/\/www.templafy.com\/de\/wp-json\/wp\/v2\/pages"}],"about":[{"href":"https:\/\/www.templafy.com\/de\/wp-json\/wp\/v2\/types\/page"}],"author":[{"embeddable":true,"href":"https:\/\/www.templafy.com\/de\/wp-json\/wp\/v2\/users\/8"}],"replies":[{"embeddable":true,"href":"https:\/\/www.templafy.com\/de\/wp-json\/wp\/v2\/comments?post=261"}],"version-history":[{"count":15,"href":"https:\/\/www.templafy.com\/de\/wp-json\/wp\/v2\/pages\/261\/revisions"}],"predecessor-version":[{"id":797,"href":"https:\/\/www.templafy.com\/de\/wp-json\/wp\/v2\/pages\/261\/revisions\/797"}],"wp:attachment":[{"href":"https:\/\/www.templafy.com\/de\/wp-json\/wp\/v2\/media?parent=261"}],"curies":[{"name":"wp","href":"https:\/\/api.w.org\/{rel}","templated":true}]}}