{"id":267,"date":"2024-11-20T12:32:26","date_gmt":"2024-11-20T12:32:26","guid":{"rendered":"https:\/\/www.templafy.com\/de\/?page_id=267"},"modified":"2025-08-11T11:55:17","modified_gmt":"2025-08-11T11:55:17","slug":"ai-prasentationsersteller","status":"publish","type":"page","link":"https:\/\/www.templafy.com\/de\/ai-prasentationsersteller\/","title":{"rendered":"AI Pr\u00e4sentationsersteller"},"content":{"rendered":"\n<section id=\"flexible-templates\" class=\"wp-block-templafy-blocks-colored-section alignfull grid sm:grid-cols-2 md:grid-cols-24 gap-[20px] md:gap-[10px] lg:gap-[20px] xl:gap-[30px] px-5 md:px-5 xl:px-5 2xl:px-12 colored-section\" data-bg-color=\"#fafdf6\">\n<div class=\"wp-block-columns hero-w-quote-container is-layout-flex wp-container-core-columns-is-layout-9d6595d7 wp-block-columns-is-layout-flex col-span-24 col-start-1 grid grid-cols-subgrid\">\n<div class=\"wp-block-column is-vertically-aligned-center is-layout-flow wp-block-column-is-layout-flow col-span-11 col-start-1\">\n<h1 class=\"wp-block-heading has-gray-100-primary-color has-text-color has-link-color has-h-2-font-size wp-elements-df8d89440f1c0c6ec33f567fcbf7ff6a\" style=\"margin-top:var(--wp--preset--spacing--6-25)\">Makellose Pr\u00e4sentationen in der H\u00e4lfte der Zeit mit Automatisierung &amp; AI<\/h1>\n\n\n\n<p class=\"has-body-m-regular-font-size\">Verwenden Sie regelbasierte Automatisierung und Managed AI, um genaue und professionelle Pr\u00e4sentationen zu erstellen<\/p>\n\n\n\n<div class=\"wp-block-buttons is-layout-flex wp-block-buttons-is-layout-flex\">\n<div class=\"wp-block-button is-style-primary-cta\"><a class=\"wp-block-button__link has-b-xs-regular-font-size has-custom-font-size wp-element-button\" href=\"https:\/\/www.templafy.com\/home\/book-a-demo\/\">Loslegen<\/a><\/div>\n<\/div>\n<\/div>\n\n\n\n<div class=\"wp-block-column is-layout-flow wp-block-column-is-layout-flow col-span-24 col-start-14\">\n<figure class=\"wp-block-image size-large\"><img loading=\"lazy\" decoding=\"async\" width=\"1024\" height=\"974\" src=\"https:\/\/www.templafy.com\/de\/wp-content\/uploads\/sites\/2\/2025\/08\/IMDOC_Multiple-Finance_2-1024x974.webp\" alt=\"\" class=\"wp-image-798\" srcset=\"https:\/\/www.templafy.com\/de\/wp-content\/uploads\/sites\/2\/2025\/08\/IMDOC_Multiple-Finance_2-1024x974.webp 1024w, https:\/\/www.templafy.com\/de\/wp-content\/uploads\/sites\/2\/2025\/08\/IMDOC_Multiple-Finance_2-300x285.webp 300w, https:\/\/www.templafy.com\/de\/wp-content\/uploads\/sites\/2\/2025\/08\/IMDOC_Multiple-Finance_2-768x730.webp 768w, https:\/\/www.templafy.com\/de\/wp-content\/uploads\/sites\/2\/2025\/08\/IMDOC_Multiple-Finance_2.webp 1422w\" sizes=\"auto, (max-width: 1024px) 100vw, 1024px\" \/><\/figure>\n<\/div>\n<\/div>\n<\/section>\n\n\n\n<section id=\"\" class=\"wp-block-templafy-blocks-colored-section alignfull grid sm:grid-cols-2 md:grid-cols-24 gap-[20px] md:gap-[10px] lg:gap-[20px] xl:gap-[30px] px-5 md:px-5 xl:px-5 2xl:px-12 colored-section\" data-bg-color=\"#e8ebe1\">\n<div class=\"wp-block-columns content-list-quote-container is-layout-flex wp-container-core-columns-is-layout-9d6595d7 wp-block-columns-is-layout-flex col-span-24 col-start-1 grid grid-cols-subgrid\">\n<div class=\"wp-block-column is-vertically-aligned-center is-layout-flow wp-block-column-is-layout-flow col-span-11 col-start-1\">\n<h2 class=\"wp-block-heading has-gray-100-primary-color has-text-color has-link-color has-h-2-font-size wp-elements-45deb0d61cd2f81a37f2f55192f63e9c\">Ihr Go-to-Automations- und AI-Tool f\u00fcr die Erstellung von Pr\u00e4sentationen<\/h2>\n\n\n\n<p class=\"has-h-6-font-size\">50+ PowerPoint-Bearbeitungswerkzeuge<\/p>\n\n\n\n<p class=\"has-b-s-regular-font-size\">Professionelle, markenkonforme Pr\u00e4sentationen sind nur wenige Klicks entfernt.<\/p>\n\n\n\n<p class=\"has-h-6-font-size\">Mit GenAI optimieren<\/p>\n\n\n\n<p class=\"has-b-s-regular-font-size\">Verbessern Sie den Inhalt und die Klarheit Ihrer Vorschl\u00e4ge.<\/p>\n\n\n\n<p class=\"has-h-6-font-size\" style=\"margin-top:var(--wp--preset--spacing--2-5)\">\u00dcberpr\u00fcfen &amp; Fehler korrigieren<\/p>\n\n\n\n<p class=\"has-b-s-regular-font-size\">Korrigieren Sie h\u00e4ufige Formatierungs-, Terminologie- und Grammatikfehler.<\/p>\n<\/div>\n\n\n\n<div class=\"wp-block-column is-layout-flow wp-block-column-is-layout-flow col-span-24 col-start-13\" style=\"padding-top:0;padding-right:0;padding-bottom:0;padding-left:0\">\n<figure class=\"wp-block-image size-full col-span-24 col-start-1\"><img decoding=\"async\" src=\"https:\/\/www.templafy.com\/wp-content\/uploads\/2024\/08\/Persona_Brand_6.png\" alt=\"\" class=\"wp-image-45874\" style=\"aspect-ratio:3\/4;object-fit:cover\"\/><\/figure>\n<\/div>\n<\/div>\n<\/section>\n\n\n\n<section id=\"\" class=\"wp-block-templafy-blocks-colored-section alignfull grid sm:grid-cols-2 md:grid-cols-24 gap-[20px] md:gap-[10px] lg:gap-[20px] xl:gap-[30px] px-5 md:px-5 xl:px-5 2xl:px-12 colored-section\" data-bg-color=\"#e8ebe1\">\n<div class=\"wp-block-columns content-list-quote-container is-layout-flex wp-container-core-columns-is-layout-9d6595d7 wp-block-columns-is-layout-flex col-span-24 col-start-1 grid grid-cols-subgrid\">\n<div class=\"wp-block-column is-layout-flow wp-block-column-is-layout-flow col-span-12 col-start-1\" style=\"padding-top:0;padding-right:0;padding-bottom:0;padding-left:0\">\n<figure class=\"wp-block-image size-full col-span-24 col-start-1\"><img decoding=\"async\" src=\"https:\/\/www.templafy.com\/wp-content\/uploads\/2024\/08\/Persona_Sales_5.png\" alt=\"\" class=\"wp-image-45863\" style=\"aspect-ratio:3\/4;object-fit:cover\"\/><\/figure>\n<\/div>\n\n\n\n<div class=\"wp-block-column is-vertically-aligned-center is-layout-flow wp-block-column-is-layout-flow col-span-24 col-start-14\">\n<h2 class=\"wp-block-heading has-gray-100-primary-color has-text-color has-link-color has-h-2-font-size wp-elements-d90985cadd67e96fbe65a4dc79d63423\">Bessere Pr\u00e4sentationen erstellen<\/h2>\n\n\n\n<p class=\"has-h-6-font-size\">Funktioniert, wo Sie arbeiten<\/p>\n\n\n\n<p class=\"has-b-s-regular-font-size\">Automatisieren Sie die Erstellung Ihrer markenkonformen Dokumente und perfektionieren Sie sie mit GenAI \u2013 in einem nahtlosen Workflow.<\/p>\n\n\n\n<p class=\"has-h-6-font-size\">Dokumentenautomatisierung trifft auf AI-PowerPoint<\/p>\n\n\n\n<p class=\"has-b-s-regular-font-size\">Die Geschwindigkeit und Genauigkeit der regelbasierten Automatisierung, kombiniert mit der Sicherheit von verwaltetem GenAI-Inhalt.<\/p>\n\n\n\n<p class=\"has-h-6-font-size\" style=\"margin-top:var(--wp--preset--spacing--2-5)\">Sicher und intelligent<\/p>\n\n\n\n<p class=\"has-b-s-regular-font-size\" style=\"margin-bottom:var(--wp--preset--spacing--1-8)\">AI-Eingaben und -Ausgaben bleiben privat und nutzen die Vorteile von AI, ohne sensible Informationen zu gef\u00e4hrden.<\/p>\n\n\n\n<div class=\"wp-block-buttons is-layout-flex wp-block-buttons-is-layout-flex\">\n<div class=\"wp-block-button is-style-primary-cta\"><a class=\"wp-block-button__link has-b-xs-regular-font-size has-custom-font-size wp-element-button\" href=\"https:\/\/www.templafy.com\/home\/book-a-demo\/\">Loslegen<\/a><\/div>\n<\/div>\n<\/div>\n<\/div>\n<\/section>\n\n\n\n<section id=\"\" class=\"wp-block-templafy-blocks-colored-section alignfull grid sm:grid-cols-2 md:grid-cols-24 gap-[20px] md:gap-[10px] lg:gap-[20px] xl:gap-[30px] px-5 md:px-5 xl:px-5 2xl:px-12 colored-section\" data-bg-color=\"#e8ebe1\">\n<div class=\"wp-block-columns content-list-quote-container is-layout-flex wp-container-core-columns-is-layout-9d6595d7 wp-block-columns-is-layout-flex col-span-24 col-start-1 grid grid-cols-subgrid\">\n<div class=\"wp-block-column is-vertically-aligned-center is-layout-flow wp-block-column-is-layout-flow col-span-11 col-start-1\">\n<h2 class=\"wp-block-heading has-gray-100-primary-color has-text-color has-link-color has-h-2-font-size wp-elements-a413e2cc36c2ca68c78f1f379e1758cc\">50+ Produktivit\u00e4ts-Plus-Funktionen, um Ihre Arbeit zu erleichtern<\/h2>\n\n\n\n<p class=\"has-h-6-font-size\">Formatierungs- und Ausrichtungstools<\/p>\n\n\n\n<p class=\"has-b-s-regular-font-size\">Zaubern Sie im Handumdrehen ansprechende Pr\u00e4sentationen.<\/p>\n\n\n\n<p class=\"has-h-6-font-size\">Bereinigung vor dem Teilen<\/p>\n\n\n\n<p class=\"has-b-s-regular-font-size\">Automatische Bereinigung von Dateien von internen Informationen wie Kommentaren, Metadaten und Sprechernotizen.<\/p>\n\n\n\n<p class=\"has-h-6-font-size\" style=\"margin-top:var(--wp--preset--spacing--2-5)\">Tool f\u00fcr Unternehmensterminologie<\/p>\n\n\n\n<p class=\"has-b-s-regular-font-size\">Stellen Sie sicher, dass markenkonforme Begriffe korrekt verwendet werden und dass abweichende Aussagen markiert und ersetzt werden.<\/p>\n<\/div>\n\n\n\n<div class=\"wp-block-column is-layout-flow wp-block-column-is-layout-flow col-span-24 col-start-13\" style=\"padding-top:0;padding-right:0;padding-bottom:0;padding-left:0\">\n<figure class=\"wp-block-image size-full col-span-24 col-start-1\"><img decoding=\"async\" src=\"https:\/\/www.templafy.com\/wp-content\/uploads\/2024\/08\/Doc-Auto-Page_Card-3.png\" alt=\"\" class=\"wp-image-46329\" style=\"aspect-ratio:3\/4;object-fit:cover\"\/><\/figure>\n<\/div>\n<\/div>\n<\/section>\n\n\n\n<section id=\"\" class=\"wp-block-templafy-blocks-colored-section  colored-section is-style-ignore-change-color\" data-bg-color=\"#e8ebe1\">\n<div class=\"wp-block-columns two-x-promo-ctas-container is-layout-flex wp-container-core-columns-is-layout-9d6595d7 wp-block-columns-is-layout-flex\">\n<div class=\"wp-block-column two-x-promo-cta-container is-layout-flow wp-block-column-is-layout-flow\">\n<div class=\"wp-block-group has-global-padding is-layout-constrained wp-block-group-is-layout-constrained has-background\" style=\"border-radius:20px;background-image:url(&apos;https:\/\/www.templafy.com\/wp-content\/uploads\/2024\/08\/White-background-image.png&apos;);background-size:cover;\">\n<h2 class=\"wp-block-heading has-text-align-center has-gray-100-primary-color has-text-color has-link-color has-h-4-font-size wp-elements-0f6171865e8703e66016f7f1ba3be5aa\">AI-Assistent im Fokus<\/h2>\n\n\n\n<p class=\"has-text-align-center has-gray-100-primary-color has-text-color has-link-color wp-elements-28eaec0b813623f3dbc4ee34197acd80\">Werfen Sie einen Blick hinter die Kulissen und entdecken Sie die Vorteile im Detail<\/p>\n\n\n\n<div class=\"wp-block-buttons is-content-justification-center is-layout-flex wp-container-core-buttons-is-layout-54d22a93 wp-block-buttons-is-layout-flex\" style=\"margin-top:var(--wp--preset--spacing--20);margin-bottom:var(--wp--preset--spacing--20)\">\n<div class=\"wp-block-button is-style-primary-cta\"><a class=\"wp-block-button__link has-custom-off-white-primary-color has-custom-blue-100-primary-background-color has-text-color has-background has-link-color has-b-xs-regular-font-size has-custom-font-size wp-element-button\" href=\"https:\/\/www.templafy.com\/introducing-templafys-ai-assistant\/\" style=\"border-radius:100px;padding-top:0.88rem;padding-right:var(--wp--preset--spacing--1-25);padding-bottom:0.88rem;padding-left:var(--wp--preset--spacing--1-25)\">Blog lesen<\/a><\/div>\n<\/div>\n<\/div>\n<\/div>\n\n\n\n<div class=\"wp-block-column two-x-promo-cta-container is-layout-flow wp-block-column-is-layout-flow\">\n<div class=\"wp-block-group has-global-padding is-layout-constrained wp-block-group-is-layout-constrained has-background\" style=\"border-radius:20px;background-image:url(&apos;https:\/\/www.templafy.com\/wp-content\/uploads\/2024\/08\/Black-background-image.png&apos;);background-size:cover;\">\n<h2 class=\"wp-block-heading has-text-align-center has-off-white-primary-color has-text-color has-link-color has-h-4-font-size wp-elements-2f34dcd42a4120879050b5234619ee86\">Demo buchen<\/h2>\n\n\n\n<p class=\"has-text-align-center has-off-white-primary-color has-text-color has-link-color wp-elements-240bc6877aaf6fde60231c637c547ce9\">Holen Sie sich einen personalisierten \u00dcberblick \u00fcber Templafy, zugeschnitten auf Ihre spezifischen Bed\u00fcrfnisse<\/p>\n\n\n\n<div class=\"wp-block-buttons is-content-justification-center is-layout-flex wp-container-core-buttons-is-layout-54d22a93 wp-block-buttons-is-layout-flex\" style=\"margin-top:var(--wp--preset--spacing--20);margin-bottom:var(--wp--preset--spacing--20)\">\n<div class=\"wp-block-button is-style-primary-cta\"><a class=\"wp-block-button__link has-custom-off-white-primary-color has-custom-blue-100-primary-background-color has-text-color has-background has-link-color has-b-xs-regular-font-size has-custom-font-size wp-element-button\" href=\"https:\/\/www.templafy.com\/de\/demo-buchen\/\" style=\"border-radius:100px;padding-top:0.88rem;padding-right:var(--wp--preset--spacing--1-25);padding-bottom:0.88rem;padding-left:var(--wp--preset--spacing--1-25)\">Loslegen<\/a><\/div>\n<\/div>\n<\/div>\n<\/div>\n<\/div>\n<\/section>\n","protected":false},"excerpt":{"rendered":"","protected":false},"author":8,"featured_media":0,"parent":0,"menu_order":0,"comment_status":"closed","ping_status":"closed","template":"","meta":{"_acf_changed":false,"inline_featured_image":false,"footnotes":""},"class_list":["post-267","page","type-page","status-publish","hentry"],"acf":{"header_mode":"light","footer_mode":"dark","book_a_demo_mode":"dark","exclude_from_search_results":false},"_links":{"self":[{"href":"https:\/\/www.templafy.com\/de\/wp-json\/wp\/v2\/pages\/267","targetHints":{"allow":["GET"]}}],"collection":[{"href":"https:\/\/www.templafy.com\/de\/wp-json\/wp\/v2\/pages"}],"about":[{"href":"https:\/\/www.templafy.com\/de\/wp-json\/wp\/v2\/types\/page"}],"author":[{"embeddable":true,"href":"https:\/\/www.templafy.com\/de\/wp-json\/wp\/v2\/users\/8"}],"replies":[{"embeddable":true,"href":"https:\/\/www.templafy.com\/de\/wp-json\/wp\/v2\/comments?post=267"}],"version-history":[{"count":12,"href":"https:\/\/www.templafy.com\/de\/wp-json\/wp\/v2\/pages\/267\/revisions"}],"predecessor-version":[{"id":800,"href":"https:\/\/www.templafy.com\/de\/wp-json\/wp\/v2\/pages\/267\/revisions\/800"}],"wp:attachment":[{"href":"https:\/\/www.templafy.com\/de\/wp-json\/wp\/v2\/media?parent=267"}],"curies":[{"name":"wp","href":"https:\/\/api.w.org\/{rel}","templated":true}]}}