{"id":270,"date":"2024-11-20T12:44:25","date_gmt":"2024-11-20T12:44:25","guid":{"rendered":"https:\/\/www.templafy.com\/de\/?page_id=270"},"modified":"2025-08-11T11:55:37","modified_gmt":"2025-08-11T11:55:37","slug":"lp-demo-document-workflow-management","status":"publish","type":"page","link":"https:\/\/www.templafy.com\/de\/lp-demo-document-workflow-management\/","title":{"rendered":"Dokumentenworkflow-Management"},"content":{"rendered":"\n<section id=\"flexible-templates\" class=\"wp-block-templafy-blocks-colored-section alignfull grid sm:grid-cols-2 md:grid-cols-24 gap-[20px] md:gap-[10px] lg:gap-[20px] xl:gap-[30px] px-5 md:px-5 xl:px-5 2xl:px-12 colored-section\" data-bg-color=\"#232323\">\n<div class=\"wp-block-columns hero-w-quote-container is-layout-flex wp-container-core-columns-is-layout-9d6595d7 wp-block-columns-is-layout-flex col-span-24 col-start-1 grid grid-cols-subgrid\">\n<div class=\"wp-block-column is-layout-flow wp-block-column-is-layout-flow col-span-11 col-start-1\">\n<figure class=\"wp-block-image size-large\"><img decoding=\"async\" src=\"https:\/\/www.templafy.com\/wp-content\/uploads\/2024\/08\/CD_Header-955x1024.png\" alt=\"\" class=\"wp-image-48576\" style=\"aspect-ratio:1;object-fit:cover\"\/><\/figure>\n<\/div>\n\n\n\n<div class=\"wp-block-column is-vertically-aligned-center is-layout-flow wp-block-column-is-layout-flow col-span-24 col-start-14\">\n<h1 class=\"wp-block-heading has-h-1-font-size\" style=\"padding-top:var(--wp--preset--spacing--1-8);padding-bottom:var(--wp--preset--spacing--1-8)\">M\u00fchelose Verwaltung des&nbsp;Dokumenten-Workflows<\/h1>\n\n\n\n<p class=\"has-body-m-regular-font-size\" style=\"padding-bottom:var(--wp--preset--spacing--1-8)\">Die Infrastruktur von Templafy&nbsp;verkn\u00fcpft alle Unternehmensinhalte in Ihrem Tech-Stack. Dadurch stehen Teams die richtigen Inhalte zur Verf\u00fcgung, ganz egal woran sie gerade arbeiten.<\/p>\n\n\n\n<div class=\"wp-block-buttons is-layout-flex wp-block-buttons-is-layout-flex\">\n<div class=\"wp-block-button has-custom-width wp-block-button__width-100 is-style-primary-cta\"><a class=\"wp-block-button__link has-b-xs-regular-font-size has-custom-font-size wp-element-button\" href=\"https:\/\/www.templafy.com\/de\/demo-buchen\/\">Demo vereinbaren<\/a><\/div>\n<\/div>\n<\/div>\n<\/div>\n<\/section>\n\n\n\n<section id=\"\" class=\"wp-block-templafy-blocks-colored-section alignfull grid sm:grid-cols-2 md:grid-cols-24 gap-[20px] md:gap-[10px] lg:gap-[20px] xl:gap-[30px] px-5 md:px-5 xl:px-5 2xl:px-12 colored-section\" data-bg-color=\"#232323\">\n<div class=\"wp-block-columns simple-btn-quote-container is-style-reverse-direction-on-mobile is-layout-flex wp-container-core-columns-is-layout-9d6595d7 wp-block-columns-is-layout-flex col-span-24 col-start-1 grid grid-cols-subgrid\">\n<div class=\"wp-block-column is-layout-flow wp-block-column-is-layout-flow col-span-10 col-start-3\" style=\"padding-top:0;padding-right:0;padding-bottom:0;padding-left:0\">\n<figure class=\"wp-block-image size-large col-span-24 col-start-1\"><img decoding=\"async\" src=\"https:\/\/www.templafy.com\/wp-content\/uploads\/2024\/09\/CD_Feature-1_1-1024x608.png\" alt=\"\" class=\"wp-image-50510\" style=\"aspect-ratio:4\/3;object-fit:contain\"\/><\/figure>\n<\/div>\n\n\n\n<div class=\"wp-block-column is-vertically-aligned-center is-layout-flow wp-block-column-is-layout-flow col-span-9 col-start-14\">\n<p class=\"has-label-s-font-size\">Leistungsstarker Business-Content, schneller erstellt<\/p>\n\n\n\n<h2 class=\"wp-block-heading has-off-white-primary-color has-text-color has-link-color has-h-4-font-size wp-elements-8f05b011987bd80e53e5f89e8570f84b\">Die Profis von heute&nbsp;nutzen Templafy<\/h2>\n\n\n\n<p class=\"has-b-s-regular-font-size\">Durch die&nbsp;Content-Enablement-L\u00f6sung&nbsp;von Templafy k\u00f6nnen Nutzende bei der Erstellung von&nbsp;Angeboten, Berichten, Vertr\u00e4gen, E-Mails, Pr\u00e4sentationen und anderem Business-Content&nbsp;ein Drittel der Arbeitszeit sparen.<\/p>\n<\/div>\n<\/div>\n<\/section>\n\n\n\n<section id=\"\" class=\"wp-block-templafy-blocks-colored-section alignfull grid sm:grid-cols-2 md:grid-cols-24 gap-[20px] md:gap-[10px] lg:gap-[20px] xl:gap-[30px] px-5 md:px-5 xl:px-5 2xl:px-12 colored-section\" data-bg-color=\"#232323\">\n<div class=\"wp-block-columns simple-btn-quote-container is-layout-flex wp-container-core-columns-is-layout-9d6595d7 wp-block-columns-is-layout-flex col-span-24 col-start-1 grid grid-cols-subgrid\">\n<div class=\"wp-block-column is-vertically-aligned-center is-layout-flow wp-block-column-is-layout-flow col-span-9 col-start-3\">\n<p class=\"has-label-s-font-size\">Einheitlicher Workflow<\/p>\n\n\n\n<h2 class=\"wp-block-heading has-off-white-primary-color has-text-color has-link-color has-h-4-font-size wp-elements-4a5821d3a66942cdc3edeb974c67af8a\">Ein besserer&nbsp;Tech-Stack f\u00fcr Ihr Team<\/h2>\n\n\n\n<p class=\"has-b-s-regular-font-size\">Mit Templafy k\u00f6nnen Ihre Mitarbeitenden schneller markentreue und&nbsp;leistungsstarke Gesch\u00e4ftsinhalte erstellen. Dank einer nahtlosen Integration in den Workflow aller Mitarbeitenden wird der Zugriff auf alle relevanten Dokument-Assets aus den am h\u00e4ufigsten verwendeten Anwendungen, wie PowerPoint, Word, Excel, Google Workspace und Salesforce, zum Kinderspiel.<\/p>\n<\/div>\n\n\n\n<div class=\"wp-block-column is-layout-flow wp-block-column-is-layout-flow col-span-10 col-start-14\" style=\"padding-top:0;padding-right:0;padding-bottom:0;padding-left:0\">\n<figure class=\"wp-block-image size-large col-span-24 col-start-1\"><img decoding=\"async\" src=\"https:\/\/www.templafy.com\/wp-content\/uploads\/2024\/08\/CD_Feature-2_1-1024x626.png\" alt=\"\" class=\"wp-image-48617\" style=\"aspect-ratio:4\/3;object-fit:contain\"\/><\/figure>\n<\/div>\n<\/div>\n<\/section>\n\n\n\n<section id=\"\" class=\"wp-block-templafy-blocks-colored-section alignfull grid sm:grid-cols-2 md:grid-cols-24 gap-[20px] md:gap-[10px] lg:gap-[20px] xl:gap-[30px] px-5 md:px-5 xl:px-5 2xl:px-12 colored-section\" data-bg-color=\"#fafdf6\">\n<div class=\"wp-block-columns content-list-quote-container is-layout-flex wp-container-core-columns-is-layout-9d6595d7 wp-block-columns-is-layout-flex col-span-24 col-start-1 grid grid-cols-subgrid\">\n<div class=\"wp-block-column is-layout-flow wp-block-column-is-layout-flow col-span-12 col-start-1\" style=\"padding-top:0;padding-right:0;padding-bottom:0;padding-left:0\">\n<figure class=\"wp-block-image size-full col-span-24 col-start-1\"><img decoding=\"async\" src=\"https:\/\/www.templafy.com\/wp-content\/uploads\/2024\/08\/Persona_Sales_5.png\" alt=\"\" class=\"wp-image-45863\"\/><\/figure>\n<\/div>\n\n\n\n<div class=\"wp-block-column is-vertically-aligned-center is-layout-flow wp-block-column-is-layout-flow col-span-24 col-start-14\">\n<p class=\"has-label-s-font-size\" style=\"padding-bottom:var(--wp--preset--spacing--1-8)\">Warum Templafy?<\/p>\n\n\n\n<h2 class=\"wp-block-heading has-gray-100-primary-color has-text-color has-link-color has-h-3-font-size wp-elements-60ca8de522e46b4e6f66924b29ba43b5\">In den Arbeitsablauf aller Mitarbeitenden&nbsp;integriert<\/h2>\n\n\n\n<div class=\"wp-block-group has-global-padding is-layout-constrained wp-block-group-is-layout-constrained\">\n<p class=\"has-h-6-font-size\">Automatisierte Dokumentenerstellung<\/p>\n\n\n\n<p class=\"has-b-s-regular-font-size\" style=\"padding-top:var(--wp--preset--spacing--1-25)\">Erstellen Sie schneller fehlerfreie Pr\u00e4sentationen, Berichte und Angebote. Die Informationen f\u00fcr einzelne Dokumente lassen sich in Echtzeit aus verkn\u00fcpften Systemen abrufen.<\/p>\n<\/div>\n\n\n\n<div class=\"wp-block-group has-global-padding is-layout-constrained wp-block-group-is-layout-constrained\">\n<p class=\"has-h-6-font-size\">Individuell anpassbare Tools zur Bearbeitung<\/p>\n\n\n\n<p class=\"has-b-s-regular-font-size\" style=\"padding-top:var(--wp--preset--spacing--1-25)\">Mit unseren Tools, die&nbsp;f\u00fcr die g\u00e4ngigsten Anwendungen entwickelt&nbsp;wurden, erstellen Sie in k\u00fcrzerer Zeit einwandfreie Dokumente. Mit nur einem Klick k\u00f6nnen Sie Pr\u00e4sentationen auf Fehler hin \u00fcberpr\u00fcfen und Inkonsistenzen korrigieren.<\/p>\n<\/div>\n\n\n\n<div class=\"wp-block-group has-global-padding is-layout-constrained wp-block-group-is-layout-constrained\">\n<p class=\"has-h-6-font-size\" style=\"margin-top:var(--wp--preset--spacing--2-5)\">Leistungsdaten in Echtzeit<\/p>\n\n\n\n<p class=\"has-b-s-regular-font-size\" style=\"padding-top:var(--wp--preset--spacing--1-25)\">Sobald Ihre Empf\u00e4nger:innen mit Ihren Inhalten interagieren, erhalten Sie Echtzeit-Benachrichtigungen und detaillierte Analysen.<\/p>\n<\/div>\n<\/div>\n<\/div>\n<\/section>\n\n\n\n<section id=\"track-performance\" class=\"wp-block-templafy-blocks-colored-section  colored-section\" data-bg-color=\"#fafdf6\">\n<div class=\"wp-block-group quote-container has-global-padding is-layout-constrained wp-block-group-is-layout-constrained\" style=\"padding-top:6.5rem;padding-bottom:var(--wp--preset--spacing--1-25)\">\n<p class=\"has-q-m-font-size\" style=\"margin-bottom:var(--wp--preset--spacing--1-25)\">&#8220;Einen Bericht \u00fcber den ROI von Templafy haben wir nie angefragt&nbsp;\u2013 es ist einfach zu offensichtlich, wie wichtig diese Investition f\u00fcr unser Team war. Und ich glaube auch nicht, dass jemals jemand danach fragen wird. Templafy ist das am meisten genutzte Tool neben Microsoft Office. Alle kennen es und alle verwenden es&#8221;<\/p>\n\n\n\n<div class=\"wp-block-group quote-name has-global-padding is-layout-constrained wp-container-core-group-is-layout-45d90367 wp-block-group-is-layout-constrained\" style=\"padding-top:0;padding-right:0;padding-bottom:0;padding-left:0\">\n<figure class=\"wp-block-image alignleft size-full is-resized has-custom-border is-style-default\"><img loading=\"lazy\" decoding=\"async\" width=\"800\" height=\"800\" src=\"https:\/\/www.templafy.com\/de\/wp-content\/uploads\/sites\/2\/2024\/11\/Graeme-Bland-.jpeg\" alt=\"\" class=\"wp-image-149\" style=\"border-radius:100px;aspect-ratio:1;object-fit:cover;width:43px\" srcset=\"https:\/\/www.templafy.com\/de\/wp-content\/uploads\/sites\/2\/2024\/11\/Graeme-Bland-.jpeg 800w, https:\/\/www.templafy.com\/de\/wp-content\/uploads\/sites\/2\/2024\/11\/Graeme-Bland--300x300.jpeg 300w, https:\/\/www.templafy.com\/de\/wp-content\/uploads\/sites\/2\/2024\/11\/Graeme-Bland--150x150.jpeg 150w, https:\/\/www.templafy.com\/de\/wp-content\/uploads\/sites\/2\/2024\/11\/Graeme-Bland--768x768.jpeg 768w\" sizes=\"auto, (max-width: 800px) 100vw, 800px\" \/><\/figure>\n\n\n\n<div class=\"wp-block-group has-global-padding is-layout-constrained wp-block-group-is-layout-constrained\">\n<p class=\"has-b-s-semibold-font-size\">Graeme Bland<\/p>\n\n\n\n<p class=\"has-gray-30-color has-text-color has-link-color has-b-s-medium-font-size wp-elements-0c50c5d175ad096c4c1985bf9ffacbe1\">Head of IT for Productivity &amp; Project Applications<\/p>\n<\/div>\n<\/div>\n<\/div>\n<\/section>\n","protected":false},"excerpt":{"rendered":"","protected":false},"author":8,"featured_media":0,"parent":0,"menu_order":0,"comment_status":"closed","ping_status":"closed","template":"","meta":{"_acf_changed":false,"inline_featured_image":false,"footnotes":""},"class_list":["post-270","page","type-page","status-publish","hentry"],"acf":{"header_mode":"dark","footer_mode":"light","book_a_demo_mode":"light","exclude_from_search_results":false},"_links":{"self":[{"href":"https:\/\/www.templafy.com\/de\/wp-json\/wp\/v2\/pages\/270","targetHints":{"allow":["GET"]}}],"collection":[{"href":"https:\/\/www.templafy.com\/de\/wp-json\/wp\/v2\/pages"}],"about":[{"href":"https:\/\/www.templafy.com\/de\/wp-json\/wp\/v2\/types\/page"}],"author":[{"embeddable":true,"href":"https:\/\/www.templafy.com\/de\/wp-json\/wp\/v2\/users\/8"}],"replies":[{"embeddable":true,"href":"https:\/\/www.templafy.com\/de\/wp-json\/wp\/v2\/comments?post=270"}],"version-history":[{"count":14,"href":"https:\/\/www.templafy.com\/de\/wp-json\/wp\/v2\/pages\/270\/revisions"}],"predecessor-version":[{"id":801,"href":"https:\/\/www.templafy.com\/de\/wp-json\/wp\/v2\/pages\/270\/revisions\/801"}],"wp:attachment":[{"href":"https:\/\/www.templafy.com\/de\/wp-json\/wp\/v2\/media?parent=270"}],"curies":[{"name":"wp","href":"https:\/\/api.w.org\/{rel}","templated":true}]}}